{"id":1303,"date":"2024-12-27T19:10:58","date_gmt":"2024-12-27T18:10:58","guid":{"rendered":"https:\/\/koczoradam.hu\/?page_id=1303"},"modified":"2024-12-27T20:44:57","modified_gmt":"2024-12-27T19:44:57","slug":"telefonos_konzultacio","status":"publish","type":"page","link":"https:\/\/koczoradam.hu\/de\/telefonos_konzultacio\/","title":{"rendered":"Telefonos konzult\u00e1ci\u00f3"},"content":{"rendered":"<div data-elementor-type=\"wp-page\" data-elementor-id=\"1303\" class=\"elementor elementor-1303\">\n\t\t\t\t\t\t<section class=\"elementor-section elementor-top-section elementor-element elementor-element-715ba36 elementor-section-boxed elementor-section-height-default elementor-section-height-default\" data-id=\"715ba36\" data-element_type=\"section\" data-e-type=\"section\">\n\t\t\t\t\t\t<div class=\"elementor-container elementor-column-gap-default\">\n\t\t\t\t\t<div class=\"elementor-column elementor-col-100 elementor-top-column elementor-element elementor-element-2c88734\" data-id=\"2c88734\" data-element_type=\"column\" data-e-type=\"column\">\n\t\t\t<div class=\"elementor-widget-wrap elementor-element-populated\">\n\t\t\t\t\t\t<div class=\"elementor-element elementor-element-3c0fed9 elementor-widget elementor-widget-text-editor\" data-id=\"3c0fed9\" data-element_type=\"widget\" data-e-type=\"widget\" data-widget_type=\"text-editor.default\">\n\t\t\t\t<div class=\"elementor-widget-container\">\n\t\t\t\t\t\t\t\t\t<h2><strong>\ud83d\udcde Wie funktioniert das?\u00a0<\/strong><\/h2><h3>Fordere einen R\u00fcckruf an, schicke mir deine Telefonnummer, und du erh\u00e4ltst sofort fachkundige Hilfe! Ob es um eine schnelle Beratung oder eine detaillierte Probleml\u00f6sung geht \u2013 ich passe mich flexibel deinen Bed\u00fcrfnissen an.<\/h3>\t\t\t\t\t\t\t\t<\/div>\n\t\t\t\t<\/div>\n\t\t\t\t<div class=\"elementor-element elementor-element-a7aaceb elementor-widget elementor-widget-button\" data-id=\"a7aaceb\" data-element_type=\"widget\" data-e-type=\"widget\" data-widget_type=\"button.default\">\n\t\t\t\t<div class=\"elementor-widget-container\">\n\t\t\t\t\t\t\t\t\t<div class=\"elementor-button-wrapper\">\n\t\t\t\t\t<a class=\"elementor-button elementor-button-link elementor-size-sm\" href=\"https:\/\/koczoradam.hu\/de\/kapcsolat\/\">\n\t\t\t\t\t\t<span class=\"elementor-button-content-wrapper\">\n\t\t\t\t\t\t<span class=\"elementor-button-icon\">\n\t\t\t\t<i aria-hidden=\"true\" class=\"far fa-envelope-open\"><\/i>\t\t\t<\/span>\n\t\t\t\t\t\t\t\t\t<span class=\"elementor-button-text\">Fordere einen R\u00fcckruf an!<\/span>\n\t\t\t\t\t<\/span>\n\t\t\t\t\t<\/a>\n\t\t\t\t<\/div>\n\t\t\t\t\t\t\t\t<\/div>\n\t\t\t\t<\/div>\n\t\t\t\t<div class=\"elementor-element elementor-element-acd403e elementor-widget-divider--view-line elementor-widget elementor-widget-divider\" data-id=\"acd403e\" data-element_type=\"widget\" data-e-type=\"widget\" data-widget_type=\"divider.default\">\n\t\t\t\t<div class=\"elementor-widget-container\">\n\t\t\t\t\t\t\t<div class=\"elementor-divider\">\n\t\t\t<span class=\"elementor-divider-separator\">\n\t\t\t\t\t\t<\/span>\n\t\t<\/div>\n\t\t\t\t\t\t<\/div>\n\t\t\t\t<\/div>\n\t\t\t\t\t<\/div>\n\t\t<\/div>\n\t\t\t\t\t<\/div>\n\t\t<\/section>\n\t\t\t\t<section class=\"elementor-section elementor-top-section elementor-element elementor-element-04ba39c elementor-section-boxed elementor-section-height-default elementor-section-height-default\" data-id=\"04ba39c\" data-element_type=\"section\" data-e-type=\"section\">\n\t\t\t\t\t\t<div class=\"elementor-container elementor-column-gap-default\">\n\t\t\t\t\t<div class=\"elementor-column elementor-col-100 elementor-top-column elementor-element elementor-element-f65c387\" data-id=\"f65c387\" data-element_type=\"column\" data-e-type=\"column\">\n\t\t\t<div class=\"elementor-widget-wrap elementor-element-populated\">\n\t\t\t\t\t\t<div class=\"elementor-element elementor-element-ef996c1 elementor-widget elementor-widget-text-editor\" data-id=\"ef996c1\" data-element_type=\"widget\" data-e-type=\"widget\" data-widget_type=\"text-editor.default\">\n\t\t\t\t<div class=\"elementor-widget-container\">\n\t\t\t\t\t\t\t\t\t<h3><span style=\"text-decoration: underline;\"><strong>\ud83d\ude9c Hast du ein Problem auf deinem Betrieb?<\/strong><\/span><\/h3><p>Eine einzige falsche Entscheidung kann die Gesundheit deiner Kultur und den Erfolg deines Betriebs gef\u00e4hrden. Verschwende keine Zeit mit Raten! Mit einem einzigen Anruf erh\u00e4ltst du pr\u00e4zise und gezielte Beratung, damit du das Problem rechtzeitig und effektiv l\u00f6sen kannst.<\/p>\t\t\t\t\t\t\t\t<\/div>\n\t\t\t\t<\/div>\n\t\t\t\t\t<\/div>\n\t\t<\/div>\n\t\t\t\t\t<\/div>\n\t\t<\/section>\n\t\t\t\t<section class=\"elementor-section elementor-top-section elementor-element elementor-element-2d4fb7f elementor-section-boxed elementor-section-height-default elementor-section-height-default\" data-id=\"2d4fb7f\" data-element_type=\"section\" data-e-type=\"section\">\n\t\t\t\t\t\t<div class=\"elementor-container elementor-column-gap-default\">\n\t\t\t\t\t<div class=\"elementor-column elementor-col-100 elementor-top-column elementor-element elementor-element-959b890\" data-id=\"959b890\" data-element_type=\"column\" data-e-type=\"column\">\n\t\t\t<div class=\"elementor-widget-wrap elementor-element-populated\">\n\t\t\t\t\t\t<div class=\"elementor-element elementor-element-21b3793 elementor-widget elementor-widget-text-editor\" data-id=\"21b3793\" data-element_type=\"widget\" data-e-type=\"widget\" data-widget_type=\"text-editor.default\">\n\t\t\t\t<div class=\"elementor-widget-container\">\n\t\t\t\t\t\t\t\t\t<h3><span style=\"text-decoration: underline;\"><strong>\ud83e\uddea Suchst du einen Experten, der in erster Linie sein Fachwissen weitergibt und dir nicht einfach etwas verkaufen will?<\/strong><\/span><\/h3><p>Du kannst auf unabh\u00e4ngige fachliche Beratung z\u00e4hlen, frei von jeglichen kommerziellen Interessen. Mein Ziel ist es, die beste L\u00f6sung f\u00fcr dich zu finden \u2013 nicht, dir Produkte zu verkaufen. Das garantiert, dass die Beratung wirklich deinen Interessen dient.<\/p>\t\t\t\t\t\t\t\t<\/div>\n\t\t\t\t<\/div>\n\t\t\t\t\t<\/div>\n\t\t<\/div>\n\t\t\t\t\t<\/div>\n\t\t<\/section>\n\t\t\t\t<section class=\"elementor-section elementor-top-section elementor-element elementor-element-a77673f elementor-section-boxed elementor-section-height-default elementor-section-height-default\" data-id=\"a77673f\" data-element_type=\"section\" data-e-type=\"section\">\n\t\t\t\t\t\t<div class=\"elementor-container elementor-column-gap-default\">\n\t\t\t\t\t<div class=\"elementor-column elementor-col-100 elementor-top-column elementor-element elementor-element-21bf49f\" data-id=\"21bf49f\" data-element_type=\"column\" data-e-type=\"column\">\n\t\t\t<div class=\"elementor-widget-wrap elementor-element-populated\">\n\t\t\t\t\t\t<div class=\"elementor-element elementor-element-ff8bf8f elementor-widget elementor-widget-text-editor\" data-id=\"ff8bf8f\" data-element_type=\"widget\" data-e-type=\"widget\" data-widget_type=\"text-editor.default\">\n\t\t\t\t<div class=\"elementor-widget-container\">\n\t\t\t\t\t\t\t\t\t<h3><strong><span style=\"text-decoration: underline;\">\ud83d\udc9a Bist du Biolandwirt und h\u00e4ttest gerne jemanden, mit dem du gemeinsam nachdenken kannst?<\/span><\/strong><\/h3><p>Der \u00f6kologische Landbau bringt besondere Herausforderungen mit sich, aber auch daf\u00fcr gibt es L\u00f6sungen. Ob es um bodenaufbauende Ma\u00dfnahmen oder biologische Pflanzen\u00adschutzverfahren geht \u2013 gemeinsam finden wir nachhaltige und effektive L\u00f6sungen, die zur Philosophie deines Betriebs passen.<\/p>\t\t\t\t\t\t\t\t<\/div>\n\t\t\t\t<\/div>\n\t\t\t\t\t<\/div>\n\t\t<\/div>\n\t\t\t\t\t<\/div>\n\t\t<\/section>\n\t\t\t\t<section class=\"elementor-section elementor-top-section elementor-element elementor-element-a484390 elementor-section-boxed elementor-section-height-default elementor-section-height-default\" data-id=\"a484390\" data-element_type=\"section\" data-e-type=\"section\">\n\t\t\t\t\t\t<div class=\"elementor-container elementor-column-gap-default\">\n\t\t\t\t\t<div class=\"elementor-column elementor-col-100 elementor-top-column elementor-element elementor-element-54f63c5\" data-id=\"54f63c5\" data-element_type=\"column\" data-e-type=\"column\">\n\t\t\t<div class=\"elementor-widget-wrap elementor-element-populated\">\n\t\t\t\t\t\t<div class=\"elementor-element elementor-element-4f344d7 elementor-widget elementor-widget-text-editor\" data-id=\"4f344d7\" data-element_type=\"widget\" data-e-type=\"widget\" data-widget_type=\"text-editor.default\">\n\t\t\t\t<div class=\"elementor-widget-container\">\n\t\t\t\t\t\t\t\t\t<h3><span style=\"text-decoration: underline;\"><strong>\ud83d\udc1b Ist in deinem Bestand eine neue, ungew\u00f6hnliche Krankheit oder ein Sch\u00e4dling aufgetaucht?<\/strong><\/span><\/h3><p>Das Auftreten einer neuen Krankheit oder eines neuen Sch\u00e4dlings kann ernsthafte Sch\u00e4den verursachen, wenn man nicht rechtzeitig reagiert. Ich helfe dir, das Problem zu identifizieren und eine ma\u00dfgeschneiderte Bek\u00e4mpfungsstrategie zu entwickeln, damit du die Verluste minimieren kannst.<\/p>\t\t\t\t\t\t\t\t<\/div>\n\t\t\t\t<\/div>\n\t\t\t\t\t<\/div>\n\t\t<\/div>\n\t\t\t\t\t<\/div>\n\t\t<\/section>\n\t\t\t\t<section class=\"elementor-section elementor-top-section elementor-element elementor-element-a9c8b05 elementor-section-boxed elementor-section-height-default elementor-section-height-default\" data-id=\"a9c8b05\" data-element_type=\"section\" data-e-type=\"section\">\n\t\t\t\t\t\t<div class=\"elementor-container elementor-column-gap-default\">\n\t\t\t\t\t<div class=\"elementor-column elementor-col-100 elementor-top-column elementor-element elementor-element-3f07817\" data-id=\"3f07817\" data-element_type=\"column\" data-e-type=\"column\">\n\t\t\t<div class=\"elementor-widget-wrap elementor-element-populated\">\n\t\t\t\t\t\t<div class=\"elementor-element elementor-element-f9ef66d elementor-widget elementor-widget-text-editor\" data-id=\"f9ef66d\" data-element_type=\"widget\" data-e-type=\"widget\" data-widget_type=\"text-editor.default\">\n\t\t\t\t<div class=\"elementor-widget-container\">\n\t\t\t\t\t\t\t\t\t<h3><span style=\"text-decoration: underline;\"><strong>\ud83c\udf31 Baust du eine Nischen- oder Spezialkultur an, und gibt es kaum verf\u00fcgbare Fachliteratur dazu?<\/strong><\/span><\/h3><p>Der Anbau einzigartiger Kulturen kann eine spannende Chance sein, aber auch eine gro\u00dfe Herausforderung. Wenn du kaum Fachliteratur oder Beratung findest, melde dich bei mir! Mit umfassender Erfahrung und kreativen L\u00f6sungen helfe ich dir dabei, deine Spezialkulturen erfolgreich zu machen. Und selbst wenn ich nicht sofort antworten kann \u2013 eines kann ich dir mit Sicherheit bieten, was nur wenige tun: Es interessiert mich wirklich!<\/p>\t\t\t\t\t\t\t\t<\/div>\n\t\t\t\t<\/div>\n\t\t\t\t\t<\/div>\n\t\t<\/div>\n\t\t\t\t\t<\/div>\n\t\t<\/section>\n\t\t\t\t<\/div>","protected":false},"excerpt":{"rendered":"<p>\ud83d\udcde Hogyan m\u0171k\u00f6dik?\u00a0 K\u00e9rj visszah\u00edv\u00e1st, k\u00fcldd el nekem telefonsz\u00e1modat \u00e9s m\u00e1ris szak\u00e9rt\u0151i seg\u00edts\u00e9ghez juthatsz! Legyen sz\u00f3 gyors tan\u00e1csad\u00e1sr\u00f3l vagy r\u00e9szletes probl\u00e9mamegold\u00e1sr\u00f3l, rugalmasan alkalmazkodom az ig\u00e9nyeidhez. K\u00e9rj visszah\u00edv\u00e1st! \ud83d\ude9c Probl\u00e9m\u00e1d akadt a gazdas\u00e1godban? Egy rossz d\u00f6nt\u00e9s a term\u00e9sed eg\u00e9szs\u00e9g\u00e9t \u00e9s a gazdas\u00e1god sikeress\u00e9g\u00e9t vesz\u00e9lyeztetheti. Ne vesztegesd az id\u0151t tal\u00e1lgat\u00e1ssal! Egy telefonh\u00edv\u00e1ssal pontos, c\u00e9lzott tan\u00e1csokat kapsz, hogy&#8230;<\/p>\n<p><a class=\"read-more\" href=\"https:\/\/koczoradam.hu\/de\/telefonos_konzultacio\/\">Read More<\/a><\/p>","protected":false},"author":1,"featured_media":0,"parent":0,"menu_order":0,"comment_status":"closed","ping_status":"closed","template":"","meta":{"footnotes":""},"class_list":["post-1303","page","type-page","status-publish","hentry"],"aioseo_notices":[],"_links":{"self":[{"href":"https:\/\/koczoradam.hu\/de\/wp-json\/wp\/v2\/pages\/1303","targetHints":{"allow":["GET"]}}],"collection":[{"href":"https:\/\/koczoradam.hu\/de\/wp-json\/wp\/v2\/pages"}],"about":[{"href":"https:\/\/koczoradam.hu\/de\/wp-json\/wp\/v2\/types\/page"}],"author":[{"embeddable":true,"href":"https:\/\/koczoradam.hu\/de\/wp-json\/wp\/v2\/users\/1"}],"replies":[{"embeddable":true,"href":"https:\/\/koczoradam.hu\/de\/wp-json\/wp\/v2\/comments?post=1303"}],"version-history":[{"count":17,"href":"https:\/\/koczoradam.hu\/de\/wp-json\/wp\/v2\/pages\/1303\/revisions"}],"predecessor-version":[{"id":1366,"href":"https:\/\/koczoradam.hu\/de\/wp-json\/wp\/v2\/pages\/1303\/revisions\/1366"}],"wp:attachment":[{"href":"https:\/\/koczoradam.hu\/de\/wp-json\/wp\/v2\/media?parent=1303"}],"curies":[{"name":"wp","href":"https:\/\/api.w.org\/{rel}","templated":true}]}}