{"id":1330,"date":"2024-12-27T20:15:34","date_gmt":"2024-12-27T19:15:34","guid":{"rendered":"https:\/\/koczoradam.hu\/?page_id=1330"},"modified":"2025-04-20T17:57:19","modified_gmt":"2025-04-20T16:57:19","slug":"kisgazdasag_szafari","status":"publish","type":"page","link":"https:\/\/koczoradam.hu\/de\/kisgazdasag_szafari\/","title":{"rendered":"Kleinbauern-Safari"},"content":{"rendered":"<div data-elementor-type=\"wp-page\" data-elementor-id=\"1330\" class=\"elementor elementor-1330\">\n\t\t\t\t\t\t<section class=\"elementor-section elementor-top-section elementor-element elementor-element-ff8ab75 elementor-section-boxed elementor-section-height-default elementor-section-height-default\" data-id=\"ff8ab75\" data-element_type=\"section\" data-e-type=\"section\">\n\t\t\t\t\t\t<div class=\"elementor-container elementor-column-gap-default\">\n\t\t\t\t\t<div class=\"elementor-column elementor-col-100 elementor-top-column elementor-element elementor-element-396b466\" data-id=\"396b466\" data-element_type=\"column\" data-e-type=\"column\">\n\t\t\t<div class=\"elementor-widget-wrap elementor-element-populated\">\n\t\t\t\t\t\t<div class=\"elementor-element elementor-element-0b80a19 elementor-widget elementor-widget-text-editor\" data-id=\"0b80a19\" data-element_type=\"widget\" data-e-type=\"widget\" data-widget_type=\"text-editor.default\">\n\t\t\t\t<div class=\"elementor-widget-container\">\n\t\t\t\t\t\t\t\t\t<h2><strong>\ud83d\udcde <\/strong><strong>Wie funktioniert das?\u00a0<\/strong><\/h2><h3>Selbstversorgung wird immer trendiger \u2013 aber bist du dir sicher, dass du wirklich gesundes und sicheres Lebensmittel produzierst? Pflanzenschutzberatung darf kein Luxus sein, deshalb ist mein Service speziell auf kleine Betriebe zugeschnitten. Ich beantworte deine Fragen direkt in deinem Betrieb und gehe auf deine eigenen Herausforderungen ein.<\/h3>\t\t\t\t\t\t\t\t<\/div>\n\t\t\t\t<\/div>\n\t\t\t\t<div class=\"elementor-element elementor-element-e6acd1a elementor-widget elementor-widget-button\" data-id=\"e6acd1a\" data-element_type=\"widget\" data-e-type=\"widget\" data-widget_type=\"button.default\">\n\t\t\t\t<div class=\"elementor-widget-container\">\n\t\t\t\t\t\t\t\t\t<div class=\"elementor-button-wrapper\">\n\t\t\t\t\t<a class=\"elementor-button elementor-button-link elementor-size-sm\" href=\"https:\/\/koczoradam.hu\/de\/kapcsolat\/\">\n\t\t\t\t\t\t<span class=\"elementor-button-content-wrapper\">\n\t\t\t\t\t\t<span class=\"elementor-button-icon\">\n\t\t\t\t<i aria-hidden=\"true\" class=\"far fa-envelope-open\"><\/i>\t\t\t<\/span>\n\t\t\t\t\t\t\t\t\t<span class=\"elementor-button-text\">Fordere einen R\u00fcckruf an!<\/span>\n\t\t\t\t\t<\/span>\n\t\t\t\t\t<\/a>\n\t\t\t\t<\/div>\n\t\t\t\t\t\t\t\t<\/div>\n\t\t\t\t<\/div>\n\t\t\t\t<div class=\"elementor-element elementor-element-7dede72 elementor-widget-divider--view-line elementor-widget elementor-widget-divider\" data-id=\"7dede72\" data-element_type=\"widget\" data-e-type=\"widget\" data-widget_type=\"divider.default\">\n\t\t\t\t<div class=\"elementor-widget-container\">\n\t\t\t\t\t\t\t<div class=\"elementor-divider\">\n\t\t\t<span class=\"elementor-divider-separator\">\n\t\t\t\t\t\t<\/span>\n\t\t<\/div>\n\t\t\t\t\t\t<\/div>\n\t\t\t\t<\/div>\n\t\t\t\t\t<\/div>\n\t\t<\/div>\n\t\t\t\t\t<\/div>\n\t\t<\/section>\n\t\t\t\t<section class=\"elementor-section elementor-top-section elementor-element elementor-element-a0f09c7 elementor-section-boxed elementor-section-height-default elementor-section-height-default\" data-id=\"a0f09c7\" data-element_type=\"section\" data-e-type=\"section\">\n\t\t\t\t\t\t<div class=\"elementor-container elementor-column-gap-default\">\n\t\t\t\t\t<div class=\"elementor-column elementor-col-50 elementor-top-column elementor-element elementor-element-f110cf4\" data-id=\"f110cf4\" data-element_type=\"column\" data-e-type=\"column\">\n\t\t\t<div class=\"elementor-widget-wrap elementor-element-populated\">\n\t\t\t\t\t\t<div class=\"elementor-element elementor-element-87c32b8 elementor-widget elementor-widget-text-editor\" data-id=\"87c32b8\" data-element_type=\"widget\" data-e-type=\"widget\" data-widget_type=\"text-editor.default\">\n\t\t\t\t<div class=\"elementor-widget-container\">\n\t\t\t\t\t\t\t\t\t<h3><strong>\ud83d\udeb6\ud83c\udffb\u200d\u2642\ufe0f Wir gehen jeden Winkel deines Betriebs ab!<\/strong><\/h3><p>Vom rechten oberen bis zum linken unteren Eck pr\u00fcfen wir deine Fl\u00e4che gr\u00fcndlich. Ich analysiere den Zustand der Pflanzen, die Bodenqualit\u00e4t, die Bew\u00e4sserung und deine aktuellen Pflanzenschutzpraktiken. W\u00e4hrend des gesamten Rundgangs gebe ich dir fachliche Empfehlungen, die du sofort umsetzen kannst.<\/p>\t\t\t\t\t\t\t\t<\/div>\n\t\t\t\t<\/div>\n\t\t\t\t<div class=\"elementor-element elementor-element-732af18 elementor-widget elementor-widget-spacer\" data-id=\"732af18\" data-element_type=\"widget\" data-e-type=\"widget\" data-widget_type=\"spacer.default\">\n\t\t\t\t<div class=\"elementor-widget-container\">\n\t\t\t\t\t\t\t<div class=\"elementor-spacer\">\n\t\t\t<div class=\"elementor-spacer-inner\"><\/div>\n\t\t<\/div>\n\t\t\t\t\t\t<\/div>\n\t\t\t\t<\/div>\n\t\t\t\t<div class=\"elementor-element elementor-element-7898be2 elementor-widget elementor-widget-text-editor\" data-id=\"7898be2\" data-element_type=\"widget\" data-e-type=\"widget\" data-widget_type=\"text-editor.default\">\n\t\t\t\t<div class=\"elementor-widget-container\">\n\t\t\t\t\t\t\t\t\t<h3><strong>\ud83e\uddea Suchst du einen Experten, der in erster Linie sein Fachwissen weitergibt und dir nicht einfach etwas verkaufen will?<\/strong><\/h3><p>Du kannst auf unabh\u00e4ngige fachliche Beratung z\u00e4hlen, frei von jeglichen kommerziellen Interessen. Mein Ziel ist es, die beste L\u00f6sung f\u00fcr dich zu finden \u2013 nicht, dir Produkte zu verkaufen. Das garantiert, dass die Beratung wirklich deinen Interessen dient.<\/p>\t\t\t\t\t\t\t\t<\/div>\n\t\t\t\t<\/div>\n\t\t\t\t<div class=\"elementor-element elementor-element-ed3830a elementor-widget elementor-widget-spacer\" data-id=\"ed3830a\" data-element_type=\"widget\" data-e-type=\"widget\" data-widget_type=\"spacer.default\">\n\t\t\t\t<div class=\"elementor-widget-container\">\n\t\t\t\t\t\t\t<div class=\"elementor-spacer\">\n\t\t\t<div class=\"elementor-spacer-inner\"><\/div>\n\t\t<\/div>\n\t\t\t\t\t\t<\/div>\n\t\t\t\t<\/div>\n\t\t\t\t<div class=\"elementor-element elementor-element-5193b81 elementor-widget elementor-widget-text-editor\" data-id=\"5193b81\" data-element_type=\"widget\" data-e-type=\"widget\" data-widget_type=\"text-editor.default\">\n\t\t\t\t<div class=\"elementor-widget-container\">\n\t\t\t\t\t\t\t\t\t<h3><strong>\ud83c\udf31 Individuelle L\u00f6sungen \u2013 speziell auf deinen Betrieb zugeschnitten!<\/strong><\/h3><p>Wir identifizieren nicht nur Probleme \u2013 wir suchen auch nach L\u00f6sungen, die die Gegebenheiten deines Betriebs, deine Ziele und deine M\u00f6glichkeiten ber\u00fccksichtigen. Ob es um Bodenverbesserung, Pflanzenschutz oder Anbautechnik geht \u2013 die Ergebnisse werden schon nach kurzer Zeit sichtbar sein.<\/p>\t\t\t\t\t\t\t\t<\/div>\n\t\t\t\t<\/div>\n\t\t\t\t<div class=\"elementor-element elementor-element-ee369d9 elementor-widget elementor-widget-spacer\" data-id=\"ee369d9\" data-element_type=\"widget\" data-e-type=\"widget\" data-widget_type=\"spacer.default\">\n\t\t\t\t<div class=\"elementor-widget-container\">\n\t\t\t\t\t\t\t<div class=\"elementor-spacer\">\n\t\t\t<div class=\"elementor-spacer-inner\"><\/div>\n\t\t<\/div>\n\t\t\t\t\t\t<\/div>\n\t\t\t\t<\/div>\n\t\t\t\t<div class=\"elementor-element elementor-element-457912b elementor-widget elementor-widget-text-editor\" data-id=\"457912b\" data-element_type=\"widget\" data-e-type=\"widget\" data-widget_type=\"text-editor.default\">\n\t\t\t\t<div class=\"elementor-widget-container\">\n\t\t\t\t\t\t\t\t\t<h3><strong>\ud83c\udf31 Baust du eine Nischen- oder Spezialkultur an, und gibt es kaum verf\u00fcgbare Fachliteratur dazu?<\/strong><\/h3><p>Der Anbau einzigartiger Kulturen kann eine spannende Chance sein, aber auch eine gro\u00dfe Herausforderung. Wenn du kaum Fachliteratur oder Beratung findest, melde dich bei mir! Mit umfassender Erfahrung und kreativen L\u00f6sungen helfe ich dir dabei, deine Spezialkulturen erfolgreich zu machen. Und selbst wenn ich nicht sofort antworten kann \u2013 eines kann ich dir mit Sicherheit bieten, was nur wenige tun: Es interessiert mich wirklich!<\/p>\t\t\t\t\t\t\t\t<\/div>\n\t\t\t\t<\/div>\n\t\t\t\t\t<\/div>\n\t\t<\/div>\n\t\t\t\t<div class=\"elementor-column elementor-col-50 elementor-top-column elementor-element elementor-element-b531574\" data-id=\"b531574\" data-element_type=\"column\" data-e-type=\"column\">\n\t\t\t<div class=\"elementor-widget-wrap elementor-element-populated\">\n\t\t\t\t\t\t<div class=\"elementor-element elementor-element-cf341e3 elementor-widget elementor-widget-image\" data-id=\"cf341e3\" data-element_type=\"widget\" data-e-type=\"widget\" data-widget_type=\"image.default\">\n\t\t\t\t<div class=\"elementor-widget-container\">\n\t\t\t\t\t\t\t\t\t\t\t\t\t\t\t<img fetchpriority=\"high\" decoding=\"async\" width=\"1024\" height=\"577\" src=\"https:\/\/koczoradam.hu\/wp-content\/uploads\/2025\/01\/venturia-e1735993754367-1024x577.jpg\" class=\"attachment-large size-large wp-image-1395\" alt=\"Alma venturi\u00e1s varasod\u00e1sa\" srcset=\"https:\/\/koczoradam.hu\/wp-content\/uploads\/2025\/01\/venturia-e1735993754367-1024x577.jpg 1024w, https:\/\/koczoradam.hu\/wp-content\/uploads\/2025\/01\/venturia-e1735993754367-300x169.jpg 300w, https:\/\/koczoradam.hu\/wp-content\/uploads\/2025\/01\/venturia-e1735993754367-768x432.jpg 768w, https:\/\/koczoradam.hu\/wp-content\/uploads\/2025\/01\/venturia-e1735993754367.jpg 1389w\" sizes=\"(max-width: 1024px) 100vw, 1024px\" \/>\t\t\t\t\t\t\t\t\t\t\t\t\t\t\t<\/div>\n\t\t\t\t<\/div>\n\t\t\t\t<div class=\"elementor-element elementor-element-6feef1c elementor-widget elementor-widget-spacer\" data-id=\"6feef1c\" data-element_type=\"widget\" data-e-type=\"widget\" data-widget_type=\"spacer.default\">\n\t\t\t\t<div class=\"elementor-widget-container\">\n\t\t\t\t\t\t\t<div class=\"elementor-spacer\">\n\t\t\t<div class=\"elementor-spacer-inner\"><\/div>\n\t\t<\/div>\n\t\t\t\t\t\t<\/div>\n\t\t\t\t<\/div>\n\t\t\t\t<div class=\"elementor-element elementor-element-13ef467 elementor-widget elementor-widget-image\" data-id=\"13ef467\" data-element_type=\"widget\" data-e-type=\"widget\" data-widget_type=\"image.default\">\n\t\t\t\t<div class=\"elementor-widget-container\">\n\t\t\t\t\t\t\t\t\t\t\t\t\t\t\t<img decoding=\"async\" width=\"1024\" height=\"577\" src=\"https:\/\/koczoradam.hu\/wp-content\/uploads\/2025\/01\/grapholita_f-e1735993413215-1024x577.jpg\" class=\"attachment-large size-large wp-image-1392\" alt=\"Szilvamoly\" srcset=\"https:\/\/koczoradam.hu\/wp-content\/uploads\/2025\/01\/grapholita_f-e1735993413215-1024x577.jpg 1024w, https:\/\/koczoradam.hu\/wp-content\/uploads\/2025\/01\/grapholita_f-e1735993413215-300x169.jpg 300w, https:\/\/koczoradam.hu\/wp-content\/uploads\/2025\/01\/grapholita_f-e1735993413215-768x433.jpg 768w, https:\/\/koczoradam.hu\/wp-content\/uploads\/2025\/01\/grapholita_f-e1735993413215.jpg 1230w\" sizes=\"(max-width: 1024px) 100vw, 1024px\" \/>\t\t\t\t\t\t\t\t\t\t\t\t\t\t\t<\/div>\n\t\t\t\t<\/div>\n\t\t\t\t<div class=\"elementor-element elementor-element-3c542a2 elementor-widget elementor-widget-spacer\" data-id=\"3c542a2\" data-element_type=\"widget\" data-e-type=\"widget\" data-widget_type=\"spacer.default\">\n\t\t\t\t<div class=\"elementor-widget-container\">\n\t\t\t\t\t\t\t<div class=\"elementor-spacer\">\n\t\t\t<div class=\"elementor-spacer-inner\"><\/div>\n\t\t<\/div>\n\t\t\t\t\t\t<\/div>\n\t\t\t\t<\/div>\n\t\t\t\t<div class=\"elementor-element elementor-element-bef1623 elementor-widget elementor-widget-image\" data-id=\"bef1623\" data-element_type=\"widget\" data-e-type=\"widget\" data-widget_type=\"image.default\">\n\t\t\t\t<div class=\"elementor-widget-container\">\n\t\t\t\t\t\t\t\t\t\t\t\t\t\t\t<img decoding=\"async\" width=\"1024\" height=\"576\" src=\"https:\/\/koczoradam.hu\/wp-content\/uploads\/2025\/01\/macrosiphon-e1735993546503-1024x576.jpg\" class=\"attachment-large size-large wp-image-1394\" alt=\"R\u00f3zsalev\u00e9ltet\u0171\" srcset=\"https:\/\/koczoradam.hu\/wp-content\/uploads\/2025\/01\/macrosiphon-e1735993546503-1024x576.jpg 1024w, https:\/\/koczoradam.hu\/wp-content\/uploads\/2025\/01\/macrosiphon-e1735993546503-300x169.jpg 300w, https:\/\/koczoradam.hu\/wp-content\/uploads\/2025\/01\/macrosiphon-e1735993546503-768x432.jpg 768w, https:\/\/koczoradam.hu\/wp-content\/uploads\/2025\/01\/macrosiphon-e1735993546503.jpg 1174w\" sizes=\"(max-width: 1024px) 100vw, 1024px\" \/>\t\t\t\t\t\t\t\t\t\t\t\t\t\t\t<\/div>\n\t\t\t\t<\/div>\n\t\t\t\t\t<\/div>\n\t\t<\/div>\n\t\t\t\t\t<\/div>\n\t\t<\/section>\n\t\t\t\t<section class=\"elementor-section elementor-top-section elementor-element elementor-element-447e873 elementor-section-boxed elementor-section-height-default elementor-section-height-default\" data-id=\"447e873\" data-element_type=\"section\" data-e-type=\"section\">\n\t\t\t\t\t\t<div class=\"elementor-container elementor-column-gap-default\">\n\t\t\t\t\t<div class=\"elementor-column elementor-col-100 elementor-top-column elementor-element elementor-element-1b786d5\" data-id=\"1b786d5\" data-element_type=\"column\" data-e-type=\"column\">\n\t\t\t<div class=\"elementor-widget-wrap elementor-element-populated\">\n\t\t\t\t\t\t<div class=\"elementor-element elementor-element-4cf216d elementor-widget-divider--view-line elementor-widget elementor-widget-divider\" data-id=\"4cf216d\" data-element_type=\"widget\" data-e-type=\"widget\" data-widget_type=\"divider.default\">\n\t\t\t\t<div class=\"elementor-widget-container\">\n\t\t\t\t\t\t\t<div class=\"elementor-divider\">\n\t\t\t<span class=\"elementor-divider-separator\">\n\t\t\t\t\t\t<\/span>\n\t\t<\/div>\n\t\t\t\t\t\t<\/div>\n\t\t\t\t<\/div>\n\t\t\t\t<div class=\"elementor-element elementor-element-a5026fe elementor-widget elementor-widget-text-editor\" data-id=\"a5026fe\" data-element_type=\"widget\" data-e-type=\"widget\" data-widget_type=\"text-editor.default\">\n\t\t\t\t<div class=\"elementor-widget-container\">\n\t\t\t\t\t\t\t\t\t<h1>\u2013 REISETAGEBUCH \u2013<\/h1>\t\t\t\t\t\t\t\t<\/div>\n\t\t\t\t<\/div>\n\t\t\t\t\t<\/div>\n\t\t<\/div>\n\t\t\t\t\t<\/div>\n\t\t<\/section>\n\t\t\t\t<section class=\"elementor-section elementor-top-section elementor-element elementor-element-64dced7 elementor-section-boxed elementor-section-height-default elementor-section-height-default\" data-id=\"64dced7\" data-element_type=\"section\" data-e-type=\"section\">\n\t\t\t\t\t\t<div class=\"elementor-container elementor-column-gap-default\">\n\t\t\t\t\t<div class=\"elementor-column elementor-col-25 elementor-top-column elementor-element elementor-element-99623fe\" data-id=\"99623fe\" data-element_type=\"column\" data-e-type=\"column\">\n\t\t\t<div class=\"elementor-widget-wrap\">\n\t\t\t\t\t\t\t<\/div>\n\t\t<\/div>\n\t\t\t\t<div class=\"elementor-column elementor-col-50 elementor-top-column elementor-element elementor-element-45098b6\" data-id=\"45098b6\" data-element_type=\"column\" data-e-type=\"column\">\n\t\t\t<div class=\"elementor-widget-wrap elementor-element-populated\">\n\t\t\t\t\t\t<div class=\"elementor-element elementor-element-db48adc elementor-widget elementor-widget-video\" data-id=\"db48adc\" data-element_type=\"widget\" data-e-type=\"widget\" data-settings=\"{&quot;youtube_url&quot;:&quot;https:\\\/\\\/youtu.be\\\/26IwoSIoGro&quot;,&quot;video_type&quot;:&quot;youtube&quot;,&quot;controls&quot;:&quot;yes&quot;}\" data-widget_type=\"video.default\">\n\t\t\t\t<div class=\"elementor-widget-container\">\n\t\t\t\t\t\t\t<div class=\"elementor-wrapper elementor-open-inline\">\n\t\t\t<div class=\"elementor-video\"><\/div>\t\t<\/div>\n\t\t\t\t\t\t<\/div>\n\t\t\t\t<\/div>\n\t\t\t\t\t<\/div>\n\t\t<\/div>\n\t\t\t\t<div class=\"elementor-column elementor-col-25 elementor-top-column elementor-element elementor-element-82a3909\" data-id=\"82a3909\" data-element_type=\"column\" data-e-type=\"column\">\n\t\t\t<div class=\"elementor-widget-wrap\">\n\t\t\t\t\t\t\t<\/div>\n\t\t<\/div>\n\t\t\t\t\t<\/div>\n\t\t<\/section>\n\t\t\t\t<\/div>","protected":false},"excerpt":{"rendered":"<p>\ud83d\udcde Hogyan m\u0171k\u00f6dik?\u00a0 Egyre nagyobb trend az \u00f6nell\u00e1t\u00e1s, de vajon biztosan tudod-e, hogy eg\u00e9szs\u00e9ges \u00e9s biztons\u00e1gos \u00e9lelmiszert termelsz? A n\u00f6v\u00e9nyv\u00e9delmi szaktan\u00e1csad\u00e1s nem lehet luxus, ez\u00e9rt kisgazdas\u00e1gok m\u00e9ret\u00e9re szabott szolg\u00e1ltat\u00e1sommal igyekszem a te gazdas\u00e1godban, a te k\u00e9rd\u00e9seidre v\u00e1laszolni a te saj\u00e1t probl\u00e9m\u00e1idon kereszt\u00fcl. K\u00e9rj visszah\u00edv\u00e1st! \ud83d\udeb6\ud83c\udffb\u200d\u2642\ufe0f V\u00e9gigj\u00e1rjuk a gazdas\u00e1god minden szeglet\u00e9t! A jobb fels\u0151 sarokt\u00f3l a&#8230;<\/p>\n<p><a class=\"read-more\" href=\"https:\/\/koczoradam.hu\/de\/kisgazdasag_szafari\/\">Read More<\/a><\/p>","protected":false},"author":1,"featured_media":0,"parent":0,"menu_order":0,"comment_status":"closed","ping_status":"closed","template":"","meta":{"footnotes":""},"class_list":["post-1330","page","type-page","status-publish","hentry"],"aioseo_notices":[],"_links":{"self":[{"href":"https:\/\/koczoradam.hu\/de\/wp-json\/wp\/v2\/pages\/1330","targetHints":{"allow":["GET"]}}],"collection":[{"href":"https:\/\/koczoradam.hu\/de\/wp-json\/wp\/v2\/pages"}],"about":[{"href":"https:\/\/koczoradam.hu\/de\/wp-json\/wp\/v2\/types\/page"}],"author":[{"embeddable":true,"href":"https:\/\/koczoradam.hu\/de\/wp-json\/wp\/v2\/users\/1"}],"replies":[{"embeddable":true,"href":"https:\/\/koczoradam.hu\/de\/wp-json\/wp\/v2\/comments?post=1330"}],"version-history":[{"count":39,"href":"https:\/\/koczoradam.hu\/de\/wp-json\/wp\/v2\/pages\/1330\/revisions"}],"predecessor-version":[{"id":1472,"href":"https:\/\/koczoradam.hu\/de\/wp-json\/wp\/v2\/pages\/1330\/revisions\/1472"}],"wp:attachment":[{"href":"https:\/\/koczoradam.hu\/de\/wp-json\/wp\/v2\/media?parent=1330"}],"curies":[{"name":"wp","href":"https:\/\/api.w.org\/{rel}","templated":true}]}}