{"id":76,"date":"2024-10-08T00:00:24","date_gmt":"2024-10-08T00:00:24","guid":{"rendered":"https:\/\/koczoradam.hu\/?page_id=76"},"modified":"2024-12-26T21:31:26","modified_gmt":"2024-12-26T20:31:26","slug":"portfolio","status":"publish","type":"page","link":"https:\/\/koczoradam.hu\/de\/portfolio\/","title":{"rendered":"Portfolio"},"content":{"rendered":"\t\t<div data-elementor-type=\"wp-page\" data-elementor-id=\"76\" class=\"elementor elementor-76\">\n\t\t\t\t\t\t<section class=\"elementor-section elementor-top-section elementor-element elementor-element-59737d4 elementor-section-boxed elementor-section-height-default elementor-section-height-default\" data-id=\"59737d4\" data-element_type=\"section\" data-e-type=\"section\">\n\t\t\t\t\t\t<div class=\"elementor-container elementor-column-gap-default\">\n\t\t\t\t\t<div class=\"elementor-column elementor-col-100 elementor-top-column elementor-element elementor-element-adf3f58\" data-id=\"adf3f58\" data-element_type=\"column\" data-e-type=\"column\">\n\t\t\t<div class=\"elementor-widget-wrap elementor-element-populated\">\n\t\t\t\t\t\t<div class=\"elementor-element elementor-element-ceb60c7 elementor-widget elementor-widget-breezycv-portfolio\" data-id=\"ceb60c7\" data-element_type=\"widget\" data-e-type=\"widget\" data-widget_type=\"breezycv-portfolio.default\">\n\t\t\t\t<div class=\"elementor-widget-container\">\n\t\t\t\t\t                        \r\n\t\t    <!-- Portfolio Content -->\r\n\t\t    <div id=\"portfolio_content_ceb60c7\" class=\"portfolio-content\" data-categories=\"9,6\">\r\n\r\n\t\t        \t\t            <ul class=\"portfolio-filters\">\r\n\t\t                <li class=\"active\">\r\n\t\t                    <a class=\"filter btn btn-sm btn-link\" data-group=\"category_all\">All<\/a>\r\n\t\t                <\/li>\r\n\t\t                \t\t                    <li>\r\n\t\t                        <a class=\"filter btn btn-sm btn-link\" data-group=\"category_portfolio\">portfoli\u00f3<\/a>\r\n\t\t                    <\/li>\r\n\t\t                \t\t            <\/ul>\r\n\t\t        \r\n\t\t        \r\n\t\t        <!-- Portfolio Grid -->\r\n\t\t        <div class=\"portfolio-grid three-columns\" data-pages-num=\"0\">\r\n\r\n\t\t        \t\t                        <!-- Portfolio Item 1684 -->\r\n\t\t                        <figure class=\"item standard\" data-groups='[\"category_all\", &quot;category_portfolio&quot;]'>\r\n\t\t                            <div class=\"portfolio-item-img\">\r\n\t\t                            <img fetchpriority=\"high\" decoding=\"async\" width=\"1280\" height=\"721\" src=\"https:\/\/koczoradam.hu\/wp-content\/uploads\/2025\/09\/Nevtelen-terv-7.jpg\" class=\"attachment-portfolio-image-three-c size-portfolio-image-three-c wp-post-image\" alt=\"Biosph\u00e8res\" title=\"\" srcset=\"https:\/\/koczoradam.hu\/wp-content\/uploads\/2025\/09\/Nevtelen-terv-7.jpg 1280w, https:\/\/koczoradam.hu\/wp-content\/uploads\/2025\/09\/Nevtelen-terv-7-300x169.jpg 300w, https:\/\/koczoradam.hu\/wp-content\/uploads\/2025\/09\/Nevtelen-terv-7-1024x577.jpg 1024w, https:\/\/koczoradam.hu\/wp-content\/uploads\/2025\/09\/Nevtelen-terv-7-768x433.jpg 768w, https:\/\/koczoradam.hu\/wp-content\/uploads\/2025\/09\/Nevtelen-terv-7-18x10.jpg 18w\" sizes=\"(max-width: 768px) 92vw, (max-width: 992px) 450px, (max-width: 1200px) 597px, 25vw\" \/>\r\n\t\t                            \t\t                                        \t\t                                        <a href=\"https:\/\/koczoradam.hu\/de\/project\/biospheres-regenerativ-gazdalkodas\/\" class=\"ajax-page-load\"><\/a>\r\n\t\t                                        \t\t                                    \t\t                            <!-- \/Image -->\r\n\t\t                            <\/div>\r\n\r\n\t\t                            <i class=\"fa fa-file-text-o\"><\/i>\r\n\r\n\t\t                            \r\n\t\t                            <h4 class=\"name\">Biosph\u00e8res<\/h4>\r\n\t\t                            <span class=\"category\">portfoli\u00f3<\/span>\r\n\t\t                        <\/figure>\r\n\t\t                        <!-- \/Portfolio Item 1684 -->\r\n\t\t                    \t\t                        <!-- Portfolio Item 1643 -->\r\n\t\t                        <figure class=\"item standard\" data-groups='[\"category_all\", &quot;category_portfolio&quot;]'>\r\n\t\t                            <div class=\"portfolio-item-img\">\r\n\t\t                            <img decoding=\"async\" width=\"1280\" height=\"721\" src=\"https:\/\/koczoradam.hu\/wp-content\/uploads\/2024\/10\/feketech.png\" class=\"attachment-portfolio-image-three-c size-portfolio-image-three-c wp-post-image\" alt=\"Fekete Technol\u00f3gia podcast\" title=\"\" srcset=\"https:\/\/koczoradam.hu\/wp-content\/uploads\/2024\/10\/feketech.png 1280w, https:\/\/koczoradam.hu\/wp-content\/uploads\/2024\/10\/feketech-300x169.png 300w, https:\/\/koczoradam.hu\/wp-content\/uploads\/2024\/10\/feketech-1024x577.png 1024w, https:\/\/koczoradam.hu\/wp-content\/uploads\/2024\/10\/feketech-768x433.png 768w, https:\/\/koczoradam.hu\/wp-content\/uploads\/2024\/10\/feketech-18x10.png 18w\" sizes=\"(max-width: 768px) 92vw, (max-width: 992px) 450px, (max-width: 1200px) 597px, 25vw\" \/>\r\n\t\t                            \t\t                                        \t\t                                        <a href=\"https:\/\/koczoradam.hu\/de\/project\/fekete-technologia\/\" class=\"ajax-page-load\"><\/a>\r\n\t\t                                        \t\t                                    \t\t                            <!-- \/Image -->\r\n\t\t                            <\/div>\r\n\r\n\t\t                            <i class=\"fa fa-file-text-o\"><\/i>\r\n\r\n\t\t                            \r\n\t\t                            <h4 class=\"name\">Fekete Technol\u00f3gia podcast<\/h4>\r\n\t\t                            <span class=\"category\">portfoli\u00f3<\/span>\r\n\t\t                        <\/figure>\r\n\t\t                        <!-- \/Portfolio Item 1643 -->\r\n\t\t                    \t\t                        <!-- Portfolio Item 1629 -->\r\n\t\t                        <figure class=\"item standard\" data-groups='[\"category_all\", &quot;category_portfolio&quot;]'>\r\n\t\t                            <div class=\"portfolio-item-img\">\r\n\t\t                            <img decoding=\"async\" width=\"1280\" height=\"721\" src=\"https:\/\/koczoradam.hu\/wp-content\/uploads\/2024\/10\/parasztvaki.png\" class=\"attachment-portfolio-image-three-c size-portfolio-image-three-c wp-post-image\" alt=\"Parasztvak\u00edt\u00e1s agr\u00e1rh\u00edrport\u00e1l\" title=\"\" srcset=\"https:\/\/koczoradam.hu\/wp-content\/uploads\/2024\/10\/parasztvaki.png 1280w, https:\/\/koczoradam.hu\/wp-content\/uploads\/2024\/10\/parasztvaki-300x169.png 300w, https:\/\/koczoradam.hu\/wp-content\/uploads\/2024\/10\/parasztvaki-1024x577.png 1024w, https:\/\/koczoradam.hu\/wp-content\/uploads\/2024\/10\/parasztvaki-768x433.png 768w, https:\/\/koczoradam.hu\/wp-content\/uploads\/2024\/10\/parasztvaki-18x10.png 18w\" sizes=\"(max-width: 768px) 92vw, (max-width: 992px) 450px, (max-width: 1200px) 597px, 25vw\" \/>\r\n\t\t                            \t\t                                        \t\t                                        <a href=\"https:\/\/koczoradam.hu\/de\/project\/parasztvakitas\/\" class=\"ajax-page-load\"><\/a>\r\n\t\t                                        \t\t                                    \t\t                            <!-- \/Image -->\r\n\t\t                            <\/div>\r\n\r\n\t\t                            <i class=\"fa fa-file-text-o\"><\/i>\r\n\r\n\t\t                            \r\n\t\t                            <h4 class=\"name\">Parasztvak\u00edt\u00e1s agr\u00e1rh\u00edrport\u00e1l<\/h4>\r\n\t\t                            <span class=\"category\">portfoli\u00f3<\/span>\r\n\t\t                        <\/figure>\r\n\t\t                        <!-- \/Portfolio Item 1629 -->\r\n\t\t                    \t\t                        <!-- Portfolio Item 623 -->\r\n\t\t                        <figure class=\"item standard\" data-groups='[\"category_all\", &quot;category_portfolio&quot;]'>\r\n\t\t                            <div class=\"portfolio-item-img\">\r\n\t\t                            <img loading=\"lazy\" decoding=\"async\" width=\"1280\" height=\"721\" src=\"https:\/\/koczoradam.hu\/wp-content\/uploads\/2024\/10\/allium_s-e1730293525298.jpg\" class=\"attachment-portfolio-image-three-c size-portfolio-image-three-c wp-post-image\" alt=\"Fokhagyma v\u00edrusos betegs\u00e9gei\" title=\"\" srcset=\"https:\/\/koczoradam.hu\/wp-content\/uploads\/2024\/10\/allium_s-e1730293525298.jpg 1280w, https:\/\/koczoradam.hu\/wp-content\/uploads\/2024\/10\/allium_s-e1730293525298-300x169.jpg 300w, https:\/\/koczoradam.hu\/wp-content\/uploads\/2024\/10\/allium_s-e1730293525298-1024x577.jpg 1024w, https:\/\/koczoradam.hu\/wp-content\/uploads\/2024\/10\/allium_s-e1730293525298-768x433.jpg 768w\" sizes=\"(max-width: 768px) 92vw, (max-width: 992px) 450px, (max-width: 1200px) 597px, 25vw\" \/>\r\n\t\t                            \t\t                                        \t\t                                        <a href=\"https:\/\/koczoradam.hu\/de\/project\/fokhagyma-virusos-betegsegei\/\" class=\"ajax-page-load\"><\/a>\r\n\t\t                                        \t\t                                    \t\t                            <!-- \/Image -->\r\n\t\t                            <\/div>\r\n\r\n\t\t                            <i class=\"fa fa-file-text-o\"><\/i>\r\n\r\n\t\t                            \r\n\t\t                            <h4 class=\"name\">Fokhagyma v\u00edrusos betegs\u00e9gei<\/h4>\r\n\t\t                            <span class=\"category\">portfoli\u00f3<\/span>\r\n\t\t                        <\/figure>\r\n\t\t                        <!-- \/Portfolio Item 623 -->\r\n\t\t                    \t\t                        <!-- Portfolio Item 491 -->\r\n\t\t                        <figure class=\"item standard\" data-groups='[\"category_all\", &quot;category_portfolio&quot;]'>\r\n\t\t                            <div class=\"portfolio-item-img\">\r\n\t\t                            <img loading=\"lazy\" decoding=\"async\" width=\"979\" height=\"551\" src=\"https:\/\/koczoradam.hu\/wp-content\/uploads\/2024\/10\/farmlynx-e1730293625790.jpg\" class=\"attachment-portfolio-image-three-c size-portfolio-image-three-c wp-post-image\" alt=\"FarmLYNX projekt\" title=\"\" srcset=\"https:\/\/koczoradam.hu\/wp-content\/uploads\/2024\/10\/farmlynx-e1730293625790.jpg 979w, https:\/\/koczoradam.hu\/wp-content\/uploads\/2024\/10\/farmlynx-e1730293625790-300x169.jpg 300w, https:\/\/koczoradam.hu\/wp-content\/uploads\/2024\/10\/farmlynx-e1730293625790-768x432.jpg 768w\" sizes=\"(max-width: 768px) 92vw, (max-width: 992px) 450px, (max-width: 1200px) 597px, 25vw\" \/>\r\n\t\t                            \t\t                                        \t\t                                        <a href=\"https:\/\/koczoradam.hu\/de\/project\/farmlynx\/\" class=\"ajax-page-load\"><\/a>\r\n\t\t                                        \t\t                                    \t\t                            <!-- \/Image -->\r\n\t\t                            <\/div>\r\n\r\n\t\t                            <i class=\"fa fa-file-text-o\"><\/i>\r\n\r\n\t\t                            \r\n\t\t                            <h4 class=\"name\">FarmLYNX projekt<\/h4>\r\n\t\t                            <span class=\"category\">portfoli\u00f3<\/span>\r\n\t\t                        <\/figure>\r\n\t\t                        <!-- \/Portfolio Item 491 -->\r\n\t\t                    \t\t                        <!-- Portfolio Item 408 -->\r\n\t\t                        <figure class=\"item standard\" data-groups='[\"category_all\", &quot;category_portfolio&quot;]'>\r\n\t\t                            <div class=\"portfolio-item-img\">\r\n\t\t                            <img loading=\"lazy\" decoding=\"async\" width=\"2560\" height=\"1442\" src=\"https:\/\/koczoradam.hu\/wp-content\/uploads\/2024\/10\/Origanum-vulgare-scaled-e1730293788990.jpg\" class=\"attachment-portfolio-image-three-c size-portfolio-image-three-c wp-post-image\" alt=\"Oreg\u00e1n\u00f3 termeszt\u00e9s\" title=\"\" srcset=\"https:\/\/koczoradam.hu\/wp-content\/uploads\/2024\/10\/Origanum-vulgare-scaled-e1730293788990.jpg 2560w, https:\/\/koczoradam.hu\/wp-content\/uploads\/2024\/10\/Origanum-vulgare-scaled-e1730293788990-300x169.jpg 300w, https:\/\/koczoradam.hu\/wp-content\/uploads\/2024\/10\/Origanum-vulgare-scaled-e1730293788990-1024x577.jpg 1024w, https:\/\/koczoradam.hu\/wp-content\/uploads\/2024\/10\/Origanum-vulgare-scaled-e1730293788990-768x433.jpg 768w, https:\/\/koczoradam.hu\/wp-content\/uploads\/2024\/10\/Origanum-vulgare-scaled-e1730293788990-1536x865.jpg 1536w, https:\/\/koczoradam.hu\/wp-content\/uploads\/2024\/10\/Origanum-vulgare-scaled-e1730293788990-2048x1154.jpg 2048w\" sizes=\"(max-width: 768px) 92vw, (max-width: 992px) 450px, (max-width: 1200px) 597px, 25vw\" \/>\r\n\t\t                            \t\t                                        \t\t                                        <a href=\"https:\/\/koczoradam.hu\/de\/project\/oregano-termesztes\/\" class=\"ajax-page-load\"><\/a>\r\n\t\t                                        \t\t                                    \t\t                            <!-- \/Image -->\r\n\t\t                            <\/div>\r\n\r\n\t\t                            <i class=\"fa fa-file-text-o\"><\/i>\r\n\r\n\t\t                            \r\n\t\t                            <h4 class=\"name\">Oreg\u00e1n\u00f3 termeszt\u00e9s<\/h4>\r\n\t\t                            <span class=\"category\">portfoli\u00f3<\/span>\r\n\t\t                        <\/figure>\r\n\t\t                        <!-- \/Portfolio Item 408 -->\r\n\t\t                    \t\t                        <!-- Portfolio Item 99 -->\r\n\t\t                        <figure class=\"item standard\" data-groups='[\"category_all\", &quot;category_portfolio&quot;]'>\r\n\t\t                            <div class=\"portfolio-item-img\">\r\n\t\t                            <img loading=\"lazy\" decoding=\"async\" width=\"2560\" height=\"1442\" src=\"https:\/\/koczoradam.hu\/wp-content\/uploads\/2020\/06\/IMG_20200913_130918-scaled-e1730293547719.jpg\" class=\"attachment-portfolio-image-three-c size-portfolio-image-three-c wp-post-image\" alt=\"Csipkebogy\u00f3 termeszt\u00e9s\" title=\"\" srcset=\"https:\/\/koczoradam.hu\/wp-content\/uploads\/2020\/06\/IMG_20200913_130918-scaled-e1730293547719.jpg 2560w, https:\/\/koczoradam.hu\/wp-content\/uploads\/2020\/06\/IMG_20200913_130918-scaled-e1730293547719-300x169.jpg 300w, https:\/\/koczoradam.hu\/wp-content\/uploads\/2020\/06\/IMG_20200913_130918-scaled-e1730293547719-1024x577.jpg 1024w, https:\/\/koczoradam.hu\/wp-content\/uploads\/2020\/06\/IMG_20200913_130918-scaled-e1730293547719-768x433.jpg 768w, https:\/\/koczoradam.hu\/wp-content\/uploads\/2020\/06\/IMG_20200913_130918-scaled-e1730293547719-1536x865.jpg 1536w, https:\/\/koczoradam.hu\/wp-content\/uploads\/2020\/06\/IMG_20200913_130918-scaled-e1730293547719-2048x1154.jpg 2048w\" sizes=\"(max-width: 768px) 92vw, (max-width: 992px) 450px, (max-width: 1200px) 597px, 25vw\" \/>\r\n\t\t                            \t\t                                        \t\t                                        <a href=\"https:\/\/koczoradam.hu\/de\/project\/csipkebogyo_termesztes\/\" class=\"ajax-page-load\"><\/a>\r\n\t\t                                        \t\t                                    \t\t                            <!-- \/Image -->\r\n\t\t                            <\/div>\r\n\r\n\t\t                            <i class=\"fa fa-file-text-o\"><\/i>\r\n\r\n\t\t                            \r\n\t\t                            <h4 class=\"name\">Csipkebogy\u00f3 termeszt\u00e9s<\/h4>\r\n\t\t                            <span class=\"category\">portfoli\u00f3<\/span>\r\n\t\t                        <\/figure>\r\n\t\t                        <!-- \/Portfolio Item 99 -->\r\n\t\t                    \t\t                        <!-- Portfolio Item 90 -->\r\n\t\t                        <figure class=\"item standard\" data-groups='[\"category_all\", &quot;category_portfolio&quot;]'>\r\n\t\t                            <div class=\"portfolio-item-img\">\r\n\t\t                            <img loading=\"lazy\" decoding=\"async\" width=\"1280\" height=\"721\" src=\"https:\/\/koczoradam.hu\/wp-content\/uploads\/2020\/06\/photo_2021-04-19_19-55-18-e1730293715692.jpg\" class=\"attachment-portfolio-image-three-c size-portfolio-image-three-c wp-post-image\" alt=\"Mad\u00e1rbar\u00e1t n\u00f6v\u00e9nyv\u00e9delem\" title=\"\" srcset=\"https:\/\/koczoradam.hu\/wp-content\/uploads\/2020\/06\/photo_2021-04-19_19-55-18-e1730293715692.jpg 1280w, https:\/\/koczoradam.hu\/wp-content\/uploads\/2020\/06\/photo_2021-04-19_19-55-18-e1730293715692-300x169.jpg 300w, https:\/\/koczoradam.hu\/wp-content\/uploads\/2020\/06\/photo_2021-04-19_19-55-18-e1730293715692-1024x577.jpg 1024w, https:\/\/koczoradam.hu\/wp-content\/uploads\/2020\/06\/photo_2021-04-19_19-55-18-e1730293715692-768x433.jpg 768w\" sizes=\"(max-width: 768px) 92vw, (max-width: 992px) 450px, (max-width: 1200px) 597px, 25vw\" \/>\r\n\t\t                            \t\t                                        \t\t                                        <a href=\"https:\/\/koczoradam.hu\/de\/project\/madarbarat\/\" class=\"ajax-page-load\"><\/a>\r\n\t\t                                        \t\t                                    \t\t                            <!-- \/Image -->\r\n\t\t                            <\/div>\r\n\r\n\t\t                            <i class=\"fa fa-file-text-o\"><\/i>\r\n\r\n\t\t                            \r\n\t\t                            <h4 class=\"name\">Mad\u00e1rbar\u00e1t n\u00f6v\u00e9nyv\u00e9delem<\/h4>\r\n\t\t                            <span class=\"category\">portfoli\u00f3<\/span>\r\n\t\t                        <\/figure>\r\n\t\t                        <!-- \/Portfolio Item 90 -->\r\n\t\t                    \t\t        <\/div>\r\n\t\t        \t\t    <\/div>\r\n\t\t\t\t\t\t<\/div>\n\t\t\t\t<\/div>\n\t\t\t\t\t<\/div>\n\t\t<\/div>\n\t\t\t\t\t<\/div>\n\t\t<\/section>\n\t\t\t\t<\/div>\n\t\t","protected":false},"excerpt":{"rendered":"<p>A biodiverzit\u00e1s n\u00f6vel\u00e9se az a befektet\u00e9s, ami biztosan el\u0151bb t\u00e9r\u00fcl meg, mint ut\u00f3bb!\u00a0 A mad\u00e1rbar\u00e1t n\u00f6v\u00e9nyv\u00e9delem c\u00e9lja, hogy a gazdas\u00e1gokban t\u00e1mogassuk a hasznos mad\u00e1rfajok jelenl\u00e9t\u00e9t, ezzel cs\u00f6kkentve a vegyszerhaszn\u00e1latot \u00e9s fenntarthat\u00f3bb\u00e1 t\u00e9ve a termel\u00e9st. A ragadoz\u00f3 madarak, p\u00e9ld\u00e1ul a gy\u00f6ngybaglyok \u00e9s az eger\u00e9sz\u00f6lyvek, jelent\u0151s szerepet j\u00e1tszanak a r\u00e1gcs\u00e1l\u00f3k szab\u00e1lyoz\u00e1s\u00e1ban. Egyetlen gy\u00f6ngybagoly p\u00e9ld\u00e1ul \u00e9vente ak\u00e1r 1000&#8230;<\/p>\n<p><a class=\"read-more\" href=\"https:\/\/koczoradam.hu\/de\/project\/madarbarat\/\">Read More<\/a><\/p>","protected":false},"author":1,"featured_media":0,"parent":0,"menu_order":0,"comment_status":"closed","ping_status":"closed","template":"","meta":{"footnotes":""},"class_list":["post-76","page","type-page","status-publish","hentry","has-post-thumbnail"],"aioseo_notices":[],"_links":{"self":[{"href":"https:\/\/koczoradam.hu\/de\/wp-json\/wp\/v2\/pages\/76","targetHints":{"allow":["GET"]}}],"collection":[{"href":"https:\/\/koczoradam.hu\/de\/wp-json\/wp\/v2\/pages"}],"about":[{"href":"https:\/\/koczoradam.hu\/de\/wp-json\/wp\/v2\/types\/page"}],"author":[{"embeddable":true,"href":"https:\/\/koczoradam.hu\/de\/wp-json\/wp\/v2\/users\/1"}],"replies":[{"embeddable":true,"href":"https:\/\/koczoradam.hu\/de\/wp-json\/wp\/v2\/comments?post=76"}],"version-history":[{"count":4,"href":"https:\/\/koczoradam.hu\/de\/wp-json\/wp\/v2\/pages\/76\/revisions"}],"predecessor-version":[{"id":519,"href":"https:\/\/koczoradam.hu\/de\/wp-json\/wp\/v2\/pages\/76\/revisions\/519"}],"wp:attachment":[{"href":"https:\/\/koczoradam.hu\/de\/wp-json\/wp\/v2\/media?parent=76"}],"curies":[{"name":"wp","href":"https:\/\/api.w.org\/{rel}","templated":true}]}}