{"id":108,"date":"2024-10-08T00:00:12","date_gmt":"2024-10-08T00:00:12","guid":{"rendered":"https:\/\/koczoradam.hu\/?page_id=108"},"modified":"2025-05-29T10:09:08","modified_gmt":"2025-05-29T09:09:08","slug":"kapcsolat","status":"publish","type":"page","link":"https:\/\/koczoradam.hu\/en\/kapcsolat\/","title":{"rendered":"Contact"},"content":{"rendered":"<div data-elementor-type=\"wp-page\" data-elementor-id=\"108\" class=\"elementor elementor-108\">\n\t\t\t\t\t\t<section class=\"elementor-section elementor-top-section elementor-element elementor-element-d84101e elementor-section-boxed elementor-section-height-default elementor-section-height-default\" data-id=\"d84101e\" data-element_type=\"section\" data-e-type=\"section\">\n\t\t\t\t\t\t<div class=\"elementor-container elementor-column-gap-default\">\n\t\t\t\t\t<div class=\"elementor-column elementor-col-33 elementor-top-column elementor-element elementor-element-f95ba90\" data-id=\"f95ba90\" data-element_type=\"column\" data-e-type=\"column\">\n\t\t\t<div class=\"elementor-widget-wrap elementor-element-populated\">\n\t\t\t\t\t\t<div class=\"elementor-element elementor-element-20d201e elementor-widget elementor-widget-breezycv-info-block\" data-id=\"20d201e\" data-element_type=\"widget\" data-e-type=\"widget\" data-widget_type=\"breezycv-info-block.default\">\n\t\t\t\t<div class=\"elementor-widget-container\">\n\t\t\t\t\t\t\t<div class=\"lm-info-block gray-default\">\r\n\t        <i class=\"lnr lnr-map-marker\"><\/i>\r\n\t        <h4>Budapest\n<\/h4>\r\n\t        <span class=\"lm-info-block-text\">From the heart of the country <br> in any direction of the compass!<\/span>\r\n\t    <\/div>\r\n\r\n\t    \t\t\t\t<\/div>\n\t\t\t\t<\/div>\n\t\t\t\t<div class=\"elementor-element elementor-element-100ba65 elementor-widget elementor-widget-breezycv-info-block\" data-id=\"100ba65\" data-element_type=\"widget\" data-e-type=\"widget\" data-widget_type=\"breezycv-info-block.default\">\n\t\t\t\t<div class=\"elementor-widget-container\">\n\t\t\t\t\t\t\t<div class=\"lm-info-block gray-default\">\r\n\t        <i class=\"lnr lnr-envelope\"><\/i>\r\n\t        <h4>info@koczoradam.hu<\/h4>\r\n\t        <span class=\"lm-info-block-text\">Let\u2019s get in touch!<\/span>\r\n\t    <\/div>\r\n\r\n\t    \t\t\t\t<\/div>\n\t\t\t\t<\/div>\n\t\t\t\t<div class=\"elementor-element elementor-element-9df510a elementor-widget elementor-widget-breezycv-info-block\" data-id=\"9df510a\" data-element_type=\"widget\" data-e-type=\"widget\" data-widget_type=\"breezycv-info-block.default\">\n\t\t\t\t<div class=\"elementor-widget-container\">\n\t\t\t\t\t\t\t<div class=\"lm-info-block gray-default\">\r\n\t        <i class=\"fas fa-phone-alt\"><\/i>\r\n\t        <h4>Request a callback in a message!<\/h4>\r\n\t        <span class=\"lm-info-block-text\">I\u2019ll get back to you soon!<\/span>\r\n\t    <\/div>\r\n\r\n\t    \t\t\t\t<\/div>\n\t\t\t\t<\/div>\n\t\t\t\t<div class=\"elementor-element elementor-element-d305522 elementor-widget elementor-widget-breezycv-info-block\" data-id=\"d305522\" data-element_type=\"widget\" data-e-type=\"widget\" data-widget_type=\"breezycv-info-block.default\">\n\t\t\t\t<div class=\"elementor-widget-container\">\n\t\t\t\t\t\t\t<div class=\"lm-info-block gray-default\">\r\n\t        <i class=\"lnr lnr-checkmark-circle\"><\/i>\r\n\t        <h4>Even as a freelancer!<\/h4>\r\n\t        <span class=\"lm-info-block-text\"><\/span>\r\n\t    <\/div>\r\n\r\n\t    \t\t\t\t<\/div>\n\t\t\t\t<\/div>\n\t\t\t\t\t<\/div>\n\t\t<\/div>\n\t\t\t\t<div class=\"elementor-column elementor-col-66 elementor-top-column elementor-element elementor-element-2c0e821\" data-id=\"2c0e821\" data-element_type=\"column\" data-e-type=\"column\">\n\t\t\t<div class=\"elementor-widget-wrap elementor-element-populated\">\n\t\t\t\t\t\t<div class=\"elementor-element elementor-element-4e6e251 elementor-widget elementor-widget-image\" data-id=\"4e6e251\" data-element_type=\"widget\" data-e-type=\"widget\" data-widget_type=\"image.default\">\n\t\t\t\t<div class=\"elementor-widget-container\">\n\t\t\t\t\t\t\t\t\t\t\t\t\t\t\t<img fetchpriority=\"high\" decoding=\"async\" width=\"605\" height=\"248\" src=\"https:\/\/koczoradam.hu\/wp-content\/uploads\/2025\/05\/Nevtelen.png\" class=\"attachment-full size-full wp-image-1530\" alt=\"B\u00e9k\u00e1smegyer t\u00e9rk\u00e9p\" srcset=\"https:\/\/koczoradam.hu\/wp-content\/uploads\/2025\/05\/Nevtelen.png 605w, https:\/\/koczoradam.hu\/wp-content\/uploads\/2025\/05\/Nevtelen-300x123.png 300w, https:\/\/koczoradam.hu\/wp-content\/uploads\/2025\/05\/Nevtelen-18x7.png 18w\" sizes=\"(max-width: 605px) 100vw, 605px\" \/>\t\t\t\t\t\t\t\t\t\t\t\t\t\t\t<\/div>\n\t\t\t\t<\/div>\n\t\t\t\t<div class=\"elementor-element elementor-element-cd090d9 elementor-widget elementor-widget-spacer\" data-id=\"cd090d9\" data-element_type=\"widget\" data-e-type=\"widget\" data-widget_type=\"spacer.default\">\n\t\t\t\t<div class=\"elementor-widget-container\">\n\t\t\t\t\t\t\t<div class=\"elementor-spacer\">\n\t\t\t<div class=\"elementor-spacer-inner\"><\/div>\n\t\t<\/div>\n\t\t\t\t\t\t<\/div>\n\t\t\t\t<\/div>\n\t\t\t\t<div class=\"elementor-element elementor-element-8f3c38b elementor-widget elementor-widget-breezycv-block-title\" data-id=\"8f3c38b\" data-element_type=\"widget\" data-e-type=\"widget\" data-widget_type=\"breezycv-block-title.default\">\n\t\t\t\t<div class=\"elementor-widget-container\">\n\t\t\t\t\t<div class=\"block-title\"><h2>How <span>can I help you?<\/span><\/h2><\/div>\t\t\t\t<\/div>\n\t\t\t\t<\/div>\n\t\t\t\t<div class=\"elementor-element elementor-element-abd94ce elementor-widget elementor-widget-spacer\" data-id=\"abd94ce\" data-element_type=\"widget\" data-e-type=\"widget\" data-widget_type=\"spacer.default\">\n\t\t\t\t<div class=\"elementor-widget-container\">\n\t\t\t\t\t\t\t<div class=\"elementor-spacer\">\n\t\t\t<div class=\"elementor-spacer-inner\"><\/div>\n\t\t<\/div>\n\t\t\t\t\t\t<\/div>\n\t\t\t\t<\/div>\n\t\t\t\t<div class=\"elementor-element elementor-element-afbe591 elementor-widget elementor-widget-breezycv-contact-form-simple\" data-id=\"afbe591\" data-element_type=\"widget\" data-e-type=\"widget\" data-widget_type=\"breezycv-contact-form-simple.default\">\n\t\t\t\t<div class=\"elementor-widget-container\">\n\t\t\t\t\t\r\n\t\t\t<form id=\"contact_form_69e365b48c7cf\" class=\"contact-form\" action=\"#\" method=\"post\" data-trp-original-action=\"#\">\r\n\r\n\t\t\t\t<div class=\"messages\"><\/div>\r\n\r\n\t\t\t\t<div class=\"controls two-columns\">\r\n\t\t\t\t\t<div class=\"fields clearfix\">\r\n\t\t\t\t\t\t<div class=\"left-column\">\r\n\t\t\t\t\t\t\t<div class=\"form-group form-group-with-icon\">\r\n\t\t\t\t\t\t\t\t<input id=\"form_name\" type=\"text\" name=\"name\" class=\"form-control\" placeholder=\"\" required=\"required\" data-error=\"Name is required.\">\r\n\t\t\t\t\t\t\t\t<label>Full Name<\/label>\r\n\t\t\t\t\t\t\t\t<div class=\"form-control-border\"><\/div>\r\n\t\t\t\t\t\t\t\t<div class=\"help-block with-errors\"><\/div>\r\n\t\t\t\t\t\t\t<\/div>\r\n\r\n\t\t\t\t\t\t\t<div class=\"form-group form-group-with-icon\">\r\n\t\t\t\t\t\t\t\t<input id=\"form_email\" type=\"email\" name=\"email\" class=\"form-control\" placeholder=\"\" required=\"required\" data-error=\"Valid email is required.\">\r\n\t\t\t\t\t\t\t\t<label>Email Address<\/label>\r\n\t\t\t\t\t\t\t\t<div class=\"form-control-border\"><\/div>\r\n\t\t\t\t\t\t\t\t<div class=\"help-block with-errors\"><\/div>\r\n\t\t\t\t\t\t\t<\/div>\r\n\r\n\t\t\t\t\t\t\t<div class=\"form-group form-group-with-icon\">\r\n\t\t\t\t\t\t\t\t<input id=\"form_subject\" type=\"text\" name=\"subject\" class=\"form-control\" placeholder=\"\" required=\"required\" data-error=\"Subject is required.\">\r\n\t\t\t\t\t\t\t\t<label>Subject<\/label>\r\n\t\t\t\t\t\t\t\t<div class=\"form-control-border\"><\/div>\r\n\t\t\t\t\t\t\t\t<div class=\"help-block with-errors\"><\/div>\r\n\t\t\t\t\t\t\t<\/div>\r\n\t\t\t\t\t\t<\/div>\r\n\t\t\t\t\t\t<div class=\"right-column\">\r\n\t\t\t\t\t\t\t<div class=\"form-group form-group-with-icon\">\r\n\t\t\t\t\t\t\t\t<textarea id=\"form_message\" name=\"message\" class=\"form-control\" placeholder=\"\" rows=\"7\" required=\"required\" data-error=\"Please, leave me a message.\"><\/textarea>\r\n\t\t\t\t\t\t\t\t<label>Message<\/label>\r\n\t\t\t\t\t\t\t\t<div class=\"form-control-border\"><\/div>\r\n\t\t\t\t\t\t\t\t<div class=\"help-block with-errors\"><\/div>\r\n\t\t\t\t\t\t\t<\/div>\r\n\t\t\t\t\t\t<\/div>\r\n\t\t\t\t\t<\/div>\r\n\r\n\t\t\t\t\t\r\n\t\t\t\t\t\t\t\t\t\t\t\t\t\t\t\t\t\t\t<div class=\"g-recaptcha\" data-sitekey=\"6LdqmCAUAAAAAMMNEZvn6g4W5e0or2sZmAVpxVqI\"><\/div>\r\n\t\t\t\t\t\t\t\r\n\t\t\t\t\t<input type=\"submit\" class=\"button btn-send\" value=\"Send message\">\r\n\t\t\t\t<\/div>\r\n\t\t\t<input type=\"hidden\" name=\"trp-form-language\" value=\"en\"\/><\/form>\r\n\r\n\t\t\t\t\t\t\t<\/div>\n\t\t\t\t<\/div>\n\t\t\t\t\t<\/div>\n\t\t<\/div>\n\t\t\t\t\t<\/div>\n\t\t<\/section>\n\t\t\t\t<\/div>","protected":false},"excerpt":{"rendered":"<p>Budapest Az orsz\u00e1g sz\u00edv\u00e9b\u0151l a sz\u00e9lr\u00f3zsa b\u00e1rmely ir\u00e1ny\u00e1ba! info@koczoradam.hu Vegy\u00fck fel a kapcsolatot! K\u00e9rj visszah\u00edv\u00e1st \u00fczenetben! Hamarosan jelentkezem! Szabad\u00fasz\u00f3k\u00e9nt is! Miben seg\u00edthetek? Full Name Email Address Subject Message<\/p>","protected":false},"author":1,"featured_media":0,"parent":0,"menu_order":0,"comment_status":"closed","ping_status":"closed","template":"","meta":{"footnotes":""},"class_list":["post-108","page","type-page","status-publish","hentry"],"aioseo_notices":[],"_links":{"self":[{"href":"https:\/\/koczoradam.hu\/en\/wp-json\/wp\/v2\/pages\/108","targetHints":{"allow":["GET"]}}],"collection":[{"href":"https:\/\/koczoradam.hu\/en\/wp-json\/wp\/v2\/pages"}],"about":[{"href":"https:\/\/koczoradam.hu\/en\/wp-json\/wp\/v2\/types\/page"}],"author":[{"embeddable":true,"href":"https:\/\/koczoradam.hu\/en\/wp-json\/wp\/v2\/users\/1"}],"replies":[{"embeddable":true,"href":"https:\/\/koczoradam.hu\/en\/wp-json\/wp\/v2\/comments?post=108"}],"version-history":[{"count":29,"href":"https:\/\/koczoradam.hu\/en\/wp-json\/wp\/v2\/pages\/108\/revisions"}],"predecessor-version":[{"id":1533,"href":"https:\/\/koczoradam.hu\/en\/wp-json\/wp\/v2\/pages\/108\/revisions\/1533"}],"wp:attachment":[{"href":"https:\/\/koczoradam.hu\/en\/wp-json\/wp\/v2\/media?parent=108"}],"curies":[{"name":"wp","href":"https:\/\/api.w.org\/{rel}","templated":true}]}}