{"id":1303,"date":"2024-12-27T19:10:58","date_gmt":"2024-12-27T18:10:58","guid":{"rendered":"https:\/\/koczoradam.hu\/?page_id=1303"},"modified":"2024-12-27T20:44:57","modified_gmt":"2024-12-27T19:44:57","slug":"telefonos_konzultacio","status":"publish","type":"page","link":"https:\/\/koczoradam.hu\/en\/telefonos_konzultacio\/","title":{"rendered":"Telefonos konzult\u00e1ci\u00f3"},"content":{"rendered":"<div data-elementor-type=\"wp-page\" data-elementor-id=\"1303\" class=\"elementor elementor-1303\">\n\t\t\t\t\t\t<section class=\"elementor-section elementor-top-section elementor-element elementor-element-715ba36 elementor-section-boxed elementor-section-height-default elementor-section-height-default\" data-id=\"715ba36\" data-element_type=\"section\" data-e-type=\"section\">\n\t\t\t\t\t\t<div class=\"elementor-container elementor-column-gap-default\">\n\t\t\t\t\t<div class=\"elementor-column elementor-col-100 elementor-top-column elementor-element elementor-element-2c88734\" data-id=\"2c88734\" data-element_type=\"column\" data-e-type=\"column\">\n\t\t\t<div class=\"elementor-widget-wrap elementor-element-populated\">\n\t\t\t\t\t\t<div class=\"elementor-element elementor-element-3c0fed9 elementor-widget elementor-widget-text-editor\" data-id=\"3c0fed9\" data-element_type=\"widget\" data-e-type=\"widget\" data-widget_type=\"text-editor.default\">\n\t\t\t\t<div class=\"elementor-widget-container\">\n\t\t\t\t\t\t\t\t\t<h2><strong>\ud83d\udcde How does it work?\u00a0<\/strong><\/h2><h3>Request a callback, send me your phone number, and you\u2019ll get expert help right away! Whether you need quick advice or in-depth problem-solving, I adapt flexibly to your needs.<\/h3>\t\t\t\t\t\t\t\t<\/div>\n\t\t\t\t<\/div>\n\t\t\t\t<div class=\"elementor-element elementor-element-a7aaceb elementor-widget elementor-widget-button\" data-id=\"a7aaceb\" data-element_type=\"widget\" data-e-type=\"widget\" data-widget_type=\"button.default\">\n\t\t\t\t<div class=\"elementor-widget-container\">\n\t\t\t\t\t\t\t\t\t<div class=\"elementor-button-wrapper\">\n\t\t\t\t\t<a class=\"elementor-button elementor-button-link elementor-size-sm\" href=\"https:\/\/koczoradam.hu\/en\/kapcsolat\/\">\n\t\t\t\t\t\t<span class=\"elementor-button-content-wrapper\">\n\t\t\t\t\t\t<span class=\"elementor-button-icon\">\n\t\t\t\t<i aria-hidden=\"true\" class=\"far fa-envelope-open\"><\/i>\t\t\t<\/span>\n\t\t\t\t\t\t\t\t\t<span class=\"elementor-button-text\">Request a callback!<\/span>\n\t\t\t\t\t<\/span>\n\t\t\t\t\t<\/a>\n\t\t\t\t<\/div>\n\t\t\t\t\t\t\t\t<\/div>\n\t\t\t\t<\/div>\n\t\t\t\t<div class=\"elementor-element elementor-element-acd403e elementor-widget-divider--view-line elementor-widget elementor-widget-divider\" data-id=\"acd403e\" data-element_type=\"widget\" data-e-type=\"widget\" data-widget_type=\"divider.default\">\n\t\t\t\t<div class=\"elementor-widget-container\">\n\t\t\t\t\t\t\t<div class=\"elementor-divider\">\n\t\t\t<span class=\"elementor-divider-separator\">\n\t\t\t\t\t\t<\/span>\n\t\t<\/div>\n\t\t\t\t\t\t<\/div>\n\t\t\t\t<\/div>\n\t\t\t\t\t<\/div>\n\t\t<\/div>\n\t\t\t\t\t<\/div>\n\t\t<\/section>\n\t\t\t\t<section class=\"elementor-section elementor-top-section elementor-element elementor-element-04ba39c elementor-section-boxed elementor-section-height-default elementor-section-height-default\" data-id=\"04ba39c\" data-element_type=\"section\" data-e-type=\"section\">\n\t\t\t\t\t\t<div class=\"elementor-container elementor-column-gap-default\">\n\t\t\t\t\t<div class=\"elementor-column elementor-col-100 elementor-top-column elementor-element elementor-element-f65c387\" data-id=\"f65c387\" data-element_type=\"column\" data-e-type=\"column\">\n\t\t\t<div class=\"elementor-widget-wrap elementor-element-populated\">\n\t\t\t\t\t\t<div class=\"elementor-element elementor-element-ef996c1 elementor-widget elementor-widget-text-editor\" data-id=\"ef996c1\" data-element_type=\"widget\" data-e-type=\"widget\" data-widget_type=\"text-editor.default\">\n\t\t\t\t<div class=\"elementor-widget-container\">\n\t\t\t\t\t\t\t\t\t<h3><span style=\"text-decoration: underline;\"><strong>\ud83d\ude9c Having trouble on your farm?<\/strong><\/span><\/h3><p>One wrong decision can jeopardize the health of your crop and the success of your farm. Don\u2019t waste time guessing! With a single phone call, you\u2019ll get accurate, targeted advice to handle the problem quickly and effectively.<\/p>\t\t\t\t\t\t\t\t<\/div>\n\t\t\t\t<\/div>\n\t\t\t\t\t<\/div>\n\t\t<\/div>\n\t\t\t\t\t<\/div>\n\t\t<\/section>\n\t\t\t\t<section class=\"elementor-section elementor-top-section elementor-element elementor-element-2d4fb7f elementor-section-boxed elementor-section-height-default elementor-section-height-default\" data-id=\"2d4fb7f\" data-element_type=\"section\" data-e-type=\"section\">\n\t\t\t\t\t\t<div class=\"elementor-container elementor-column-gap-default\">\n\t\t\t\t\t<div class=\"elementor-column elementor-col-100 elementor-top-column elementor-element elementor-element-959b890\" data-id=\"959b890\" data-element_type=\"column\" data-e-type=\"column\">\n\t\t\t<div class=\"elementor-widget-wrap elementor-element-populated\">\n\t\t\t\t\t\t<div class=\"elementor-element elementor-element-21b3793 elementor-widget elementor-widget-text-editor\" data-id=\"21b3793\" data-element_type=\"widget\" data-e-type=\"widget\" data-widget_type=\"text-editor.default\">\n\t\t\t\t<div class=\"elementor-widget-container\">\n\t\t\t\t\t\t\t\t\t<h3><span style=\"text-decoration: underline;\"><strong>\ud83e\uddea Do you need an expert who wants to offer real knowledge rather than sell you a product?<\/strong><\/span><\/h3><p>You can count on independent professional advice, free from any commercial interests. My goal is to find the best solution for you \u2014 not to sell products. This guarantees that the guidance truly serves your best interests.<\/p>\t\t\t\t\t\t\t\t<\/div>\n\t\t\t\t<\/div>\n\t\t\t\t\t<\/div>\n\t\t<\/div>\n\t\t\t\t\t<\/div>\n\t\t<\/section>\n\t\t\t\t<section class=\"elementor-section elementor-top-section elementor-element elementor-element-a77673f elementor-section-boxed elementor-section-height-default elementor-section-height-default\" data-id=\"a77673f\" data-element_type=\"section\" data-e-type=\"section\">\n\t\t\t\t\t\t<div class=\"elementor-container elementor-column-gap-default\">\n\t\t\t\t\t<div class=\"elementor-column elementor-col-100 elementor-top-column elementor-element elementor-element-21bf49f\" data-id=\"21bf49f\" data-element_type=\"column\" data-e-type=\"column\">\n\t\t\t<div class=\"elementor-widget-wrap elementor-element-populated\">\n\t\t\t\t\t\t<div class=\"elementor-element elementor-element-ff8bf8f elementor-widget elementor-widget-text-editor\" data-id=\"ff8bf8f\" data-element_type=\"widget\" data-e-type=\"widget\" data-widget_type=\"text-editor.default\">\n\t\t\t\t<div class=\"elementor-widget-container\">\n\t\t\t\t\t\t\t\t\t<h3><strong><span style=\"text-decoration: underline;\">\ud83d\udc9a Are you an organic farmer and looking for someone to think things through with?<\/span><\/strong><\/h3><p>Organic farming comes with its own unique challenges, but there are solutions for these as well. Whether it\u2019s about soil-restoring practices or biological plant protection, together we can find sustainable and effective methods that fit the philosophy of your farm.<\/p>\t\t\t\t\t\t\t\t<\/div>\n\t\t\t\t<\/div>\n\t\t\t\t\t<\/div>\n\t\t<\/div>\n\t\t\t\t\t<\/div>\n\t\t<\/section>\n\t\t\t\t<section class=\"elementor-section elementor-top-section elementor-element elementor-element-a484390 elementor-section-boxed elementor-section-height-default elementor-section-height-default\" data-id=\"a484390\" data-element_type=\"section\" data-e-type=\"section\">\n\t\t\t\t\t\t<div class=\"elementor-container elementor-column-gap-default\">\n\t\t\t\t\t<div class=\"elementor-column elementor-col-100 elementor-top-column elementor-element elementor-element-54f63c5\" data-id=\"54f63c5\" data-element_type=\"column\" data-e-type=\"column\">\n\t\t\t<div class=\"elementor-widget-wrap elementor-element-populated\">\n\t\t\t\t\t\t<div class=\"elementor-element elementor-element-4f344d7 elementor-widget elementor-widget-text-editor\" data-id=\"4f344d7\" data-element_type=\"widget\" data-e-type=\"widget\" data-widget_type=\"text-editor.default\">\n\t\t\t\t<div class=\"elementor-widget-container\">\n\t\t\t\t\t\t\t\t\t<h3><span style=\"text-decoration: underline;\"><strong>\ud83d\udc1b Has a strange new disease or pest appeared in your crops?<\/strong><\/span><\/h3><p>The appearance of a new disease or pest can cause serious damage if you don\u2019t react in time. I help identify the problem and develop a tailored control strategy so you can minimize losses.<\/p>\t\t\t\t\t\t\t\t<\/div>\n\t\t\t\t<\/div>\n\t\t\t\t\t<\/div>\n\t\t<\/div>\n\t\t\t\t\t<\/div>\n\t\t<\/section>\n\t\t\t\t<section class=\"elementor-section elementor-top-section elementor-element elementor-element-a9c8b05 elementor-section-boxed elementor-section-height-default elementor-section-height-default\" data-id=\"a9c8b05\" data-element_type=\"section\" data-e-type=\"section\">\n\t\t\t\t\t\t<div class=\"elementor-container elementor-column-gap-default\">\n\t\t\t\t\t<div class=\"elementor-column elementor-col-100 elementor-top-column elementor-element elementor-element-3f07817\" data-id=\"3f07817\" data-element_type=\"column\" data-e-type=\"column\">\n\t\t\t<div class=\"elementor-widget-wrap elementor-element-populated\">\n\t\t\t\t\t\t<div class=\"elementor-element elementor-element-f9ef66d elementor-widget elementor-widget-text-editor\" data-id=\"f9ef66d\" data-element_type=\"widget\" data-e-type=\"widget\" data-widget_type=\"text-editor.default\">\n\t\t\t\t<div class=\"elementor-widget-container\">\n\t\t\t\t\t\t\t\t\t<h3><span style=\"text-decoration: underline;\"><strong>\ud83c\udf31 Are you growing a small or specialty crop, and finding that there\u2019s barely any available literature on the topic?<\/strong><\/span><\/h3><p>Growing unique crops can be an exciting opportunity, but it can also be a serious challenge. If you\u2019re struggling to find literature or expert advice, reach out to me! With extensive experience and creative solutions, I\u2019ll help you succeed with your special crops. And even if I can\u2019t answer immediately, there is one thing I can certainly offer that few others can: I\u2019m genuinely interested!<\/p>\t\t\t\t\t\t\t\t<\/div>\n\t\t\t\t<\/div>\n\t\t\t\t\t<\/div>\n\t\t<\/div>\n\t\t\t\t\t<\/div>\n\t\t<\/section>\n\t\t\t\t<\/div>","protected":false},"excerpt":{"rendered":"<p>\ud83d\udcde Hogyan m\u0171k\u00f6dik?\u00a0 K\u00e9rj visszah\u00edv\u00e1st, k\u00fcldd el nekem telefonsz\u00e1modat \u00e9s m\u00e1ris szak\u00e9rt\u0151i seg\u00edts\u00e9ghez juthatsz! Legyen sz\u00f3 gyors tan\u00e1csad\u00e1sr\u00f3l vagy r\u00e9szletes probl\u00e9mamegold\u00e1sr\u00f3l, rugalmasan alkalmazkodom az ig\u00e9nyeidhez. K\u00e9rj visszah\u00edv\u00e1st! \ud83d\ude9c Probl\u00e9m\u00e1d akadt a gazdas\u00e1godban? Egy rossz d\u00f6nt\u00e9s a term\u00e9sed eg\u00e9szs\u00e9g\u00e9t \u00e9s a gazdas\u00e1god sikeress\u00e9g\u00e9t vesz\u00e9lyeztetheti. Ne vesztegesd az id\u0151t tal\u00e1lgat\u00e1ssal! Egy telefonh\u00edv\u00e1ssal pontos, c\u00e9lzott tan\u00e1csokat kapsz, hogy&#8230;<\/p>\n<p><a class=\"read-more\" href=\"https:\/\/koczoradam.hu\/en\/telefonos_konzultacio\/\">Read More<\/a><\/p>","protected":false},"author":1,"featured_media":0,"parent":0,"menu_order":0,"comment_status":"closed","ping_status":"closed","template":"","meta":{"footnotes":""},"class_list":["post-1303","page","type-page","status-publish","hentry"],"aioseo_notices":[],"_links":{"self":[{"href":"https:\/\/koczoradam.hu\/en\/wp-json\/wp\/v2\/pages\/1303","targetHints":{"allow":["GET"]}}],"collection":[{"href":"https:\/\/koczoradam.hu\/en\/wp-json\/wp\/v2\/pages"}],"about":[{"href":"https:\/\/koczoradam.hu\/en\/wp-json\/wp\/v2\/types\/page"}],"author":[{"embeddable":true,"href":"https:\/\/koczoradam.hu\/en\/wp-json\/wp\/v2\/users\/1"}],"replies":[{"embeddable":true,"href":"https:\/\/koczoradam.hu\/en\/wp-json\/wp\/v2\/comments?post=1303"}],"version-history":[{"count":17,"href":"https:\/\/koczoradam.hu\/en\/wp-json\/wp\/v2\/pages\/1303\/revisions"}],"predecessor-version":[{"id":1366,"href":"https:\/\/koczoradam.hu\/en\/wp-json\/wp\/v2\/pages\/1303\/revisions\/1366"}],"wp:attachment":[{"href":"https:\/\/koczoradam.hu\/en\/wp-json\/wp\/v2\/media?parent=1303"}],"curies":[{"name":"wp","href":"https:\/\/api.w.org\/{rel}","templated":true}]}}