{"id":1367,"date":"2024-12-27T20:53:03","date_gmt":"2024-12-27T19:53:03","guid":{"rendered":"https:\/\/koczoradam.hu\/?page_id=1367"},"modified":"2025-04-03T08:55:44","modified_gmt":"2025-04-03T07:55:44","slug":"szaktanacsadas","status":"publish","type":"page","link":"https:\/\/koczoradam.hu\/en\/szaktanacsadas\/","title":{"rendered":"Consulting"},"content":{"rendered":"<div data-elementor-type=\"wp-page\" data-elementor-id=\"1367\" class=\"elementor elementor-1367\">\n\t\t\t\t\t\t<section class=\"elementor-section elementor-top-section elementor-element elementor-element-20e2c51 elementor-section-boxed elementor-section-height-default elementor-section-height-default\" data-id=\"20e2c51\" data-element_type=\"section\" data-e-type=\"section\">\n\t\t\t\t\t\t<div class=\"elementor-container elementor-column-gap-default\">\n\t\t\t\t\t<div class=\"elementor-column elementor-col-100 elementor-top-column elementor-element elementor-element-3d66e24\" data-id=\"3d66e24\" data-element_type=\"column\" data-e-type=\"column\">\n\t\t\t<div class=\"elementor-widget-wrap elementor-element-populated\">\n\t\t\t\t\t\t<div class=\"elementor-element elementor-element-defe6d8 elementor-widget elementor-widget-text-editor\" data-id=\"defe6d8\" data-element_type=\"widget\" data-e-type=\"widget\" data-widget_type=\"text-editor.default\">\n\t\t\t\t<div class=\"elementor-widget-container\">\n\t\t\t\t\t\t\t\t\t<h2><strong>\ud83d\udcde<\/strong><strong> How does it work?\u00a0<\/strong><\/h2><h3>Request a callback, send me your phone number, and you\u2019ll get expert help right away! Whether you need professional consulting or detailed problem-solving, I adapt flexibly to your needs.<\/h3>\t\t\t\t\t\t\t\t<\/div>\n\t\t\t\t<\/div>\n\t\t\t\t<div class=\"elementor-element elementor-element-08fc8dd elementor-widget elementor-widget-button\" data-id=\"08fc8dd\" data-element_type=\"widget\" data-e-type=\"widget\" data-widget_type=\"button.default\">\n\t\t\t\t<div class=\"elementor-widget-container\">\n\t\t\t\t\t\t\t\t\t<div class=\"elementor-button-wrapper\">\n\t\t\t\t\t<a class=\"elementor-button elementor-button-link elementor-size-sm\" href=\"https:\/\/koczoradam.hu\/en\/kapcsolat\/\">\n\t\t\t\t\t\t<span class=\"elementor-button-content-wrapper\">\n\t\t\t\t\t\t<span class=\"elementor-button-icon\">\n\t\t\t\t<i aria-hidden=\"true\" class=\"far fa-envelope-open\"><\/i>\t\t\t<\/span>\n\t\t\t\t\t\t\t\t\t<span class=\"elementor-button-text\">Request a callback!<\/span>\n\t\t\t\t\t<\/span>\n\t\t\t\t\t<\/a>\n\t\t\t\t<\/div>\n\t\t\t\t\t\t\t\t<\/div>\n\t\t\t\t<\/div>\n\t\t\t\t<div class=\"elementor-element elementor-element-31edf9c elementor-widget-divider--view-line elementor-widget elementor-widget-divider\" data-id=\"31edf9c\" data-element_type=\"widget\" data-e-type=\"widget\" data-widget_type=\"divider.default\">\n\t\t\t\t<div class=\"elementor-widget-container\">\n\t\t\t\t\t\t\t<div class=\"elementor-divider\">\n\t\t\t<span class=\"elementor-divider-separator\">\n\t\t\t\t\t\t<\/span>\n\t\t<\/div>\n\t\t\t\t\t\t<\/div>\n\t\t\t\t<\/div>\n\t\t\t\t\t<\/div>\n\t\t<\/div>\n\t\t\t\t\t<\/div>\n\t\t<\/section>\n\t\t\t\t<section class=\"elementor-section elementor-top-section elementor-element elementor-element-901793b elementor-section-boxed elementor-section-height-default elementor-section-height-default\" data-id=\"901793b\" data-element_type=\"section\" data-e-type=\"section\">\n\t\t\t\t\t\t<div class=\"elementor-container elementor-column-gap-default\">\n\t\t\t\t\t<div class=\"elementor-column elementor-col-100 elementor-top-column elementor-element elementor-element-2046e82\" data-id=\"2046e82\" data-element_type=\"column\" data-e-type=\"column\">\n\t\t\t<div class=\"elementor-widget-wrap elementor-element-populated\">\n\t\t\t\t\t\t<div class=\"elementor-element elementor-element-2f28f73 elementor-widget elementor-widget-text-editor\" data-id=\"2f28f73\" data-element_type=\"widget\" data-e-type=\"widget\" data-widget_type=\"text-editor.default\">\n\t\t\t\t<div class=\"elementor-widget-container\">\n\t\t\t\t\t\t\t\t\t<h3><span style=\"text-decoration: underline;\">\ud83d\udcd8 <strong>Farm management log<\/strong><\/span><\/h3><p>I help you record all the necessary data accurately and up to date, ensuring compliance with legal requirements and inspection standards.<\/p>\t\t\t\t\t\t\t\t<\/div>\n\t\t\t\t<\/div>\n\t\t\t\t\t<\/div>\n\t\t<\/div>\n\t\t\t\t\t<\/div>\n\t\t<\/section>\n\t\t\t\t<section class=\"elementor-section elementor-top-section elementor-element elementor-element-6c9341b elementor-section-boxed elementor-section-height-default elementor-section-height-default\" data-id=\"6c9341b\" data-element_type=\"section\" data-e-type=\"section\">\n\t\t\t\t\t\t<div class=\"elementor-container elementor-column-gap-default\">\n\t\t\t\t\t<div class=\"elementor-column elementor-col-100 elementor-top-column elementor-element elementor-element-05106fe\" data-id=\"05106fe\" data-element_type=\"column\" data-e-type=\"column\">\n\t\t\t<div class=\"elementor-widget-wrap elementor-element-populated\">\n\t\t\t\t\t\t<div class=\"elementor-element elementor-element-d2544b7 elementor-widget elementor-widget-text-editor\" data-id=\"d2544b7\" data-element_type=\"widget\" data-e-type=\"widget\" data-widget_type=\"text-editor.default\">\n\t\t\t\t<div class=\"elementor-widget-container\">\n\t\t\t\t\t\t\t\t\t<h3><span style=\"text-decoration: underline;\">\ud83d\udeb6\ud83c\udffb\u200d\u2642\ufe0f <strong>Field inspection and reporting<\/strong><\/span><\/h3><p>After a detailed inspection of your farm, I prepare an accurate report that includes the current condition, recommended actions, and possible solutions.<\/p>\t\t\t\t\t\t\t\t<\/div>\n\t\t\t\t<\/div>\n\t\t\t\t\t<\/div>\n\t\t<\/div>\n\t\t\t\t\t<\/div>\n\t\t<\/section>\n\t\t\t\t<section class=\"elementor-section elementor-top-section elementor-element elementor-element-ff195fd elementor-section-boxed elementor-section-height-default elementor-section-height-default\" data-id=\"ff195fd\" data-element_type=\"section\" data-e-type=\"section\">\n\t\t\t\t\t\t<div class=\"elementor-container elementor-column-gap-default\">\n\t\t\t\t\t<div class=\"elementor-column elementor-col-100 elementor-top-column elementor-element elementor-element-44faaaf\" data-id=\"44faaaf\" data-element_type=\"column\" data-e-type=\"column\">\n\t\t\t<div class=\"elementor-widget-wrap elementor-element-populated\">\n\t\t\t\t\t\t<div class=\"elementor-element elementor-element-57d679d elementor-widget elementor-widget-text-editor\" data-id=\"57d679d\" data-element_type=\"widget\" data-e-type=\"widget\" data-widget_type=\"text-editor.default\">\n\t\t\t\t<div class=\"elementor-widget-container\">\n\t\t\t\t\t\t\t\t\t<h3><span style=\"text-decoration: underline;\">\ud83c\udf3f <strong>Plant health specialist\u2019s expert report<\/strong><\/span><\/h3><p>I analyze your crop with expert insight and provide a written assessment that supports decision-making or the handling of official matters.<\/p>\t\t\t\t\t\t\t\t<\/div>\n\t\t\t\t<\/div>\n\t\t\t\t\t<\/div>\n\t\t<\/div>\n\t\t\t\t\t<\/div>\n\t\t<\/section>\n\t\t\t\t<section class=\"elementor-section elementor-top-section elementor-element elementor-element-77b5995 elementor-section-boxed elementor-section-height-default elementor-section-height-default\" data-id=\"77b5995\" data-element_type=\"section\" data-e-type=\"section\">\n\t\t\t\t\t\t<div class=\"elementor-container elementor-column-gap-default\">\n\t\t\t\t\t<div class=\"elementor-column elementor-col-100 elementor-top-column elementor-element elementor-element-74d6811\" data-id=\"74d6811\" data-element_type=\"column\" data-e-type=\"column\">\n\t\t\t<div class=\"elementor-widget-wrap elementor-element-populated\">\n\t\t\t\t\t\t<div class=\"elementor-element elementor-element-d48f5ba elementor-widget elementor-widget-text-editor\" data-id=\"d48f5ba\" data-element_type=\"widget\" data-e-type=\"widget\" data-widget_type=\"text-editor.default\">\n\t\t\t\t<div class=\"elementor-widget-container\">\n\t\t\t\t\t\t\t\t\t<h3><span style=\"text-decoration: underline;\">\ud83d\udcdc <strong>Pesticide prescription<\/strong><\/span><\/h3><p>I provide the necessary prescriptions for selecting and using the appropriate plant protection products, ensuring that everything is done within the legal framework.<\/p>\t\t\t\t\t\t\t\t<\/div>\n\t\t\t\t<\/div>\n\t\t\t\t\t<\/div>\n\t\t<\/div>\n\t\t\t\t\t<\/div>\n\t\t<\/section>\n\t\t\t\t<section class=\"elementor-section elementor-top-section elementor-element elementor-element-52c6c15 elementor-section-boxed elementor-section-height-default elementor-section-height-default\" data-id=\"52c6c15\" data-element_type=\"section\" data-e-type=\"section\">\n\t\t\t\t\t\t<div class=\"elementor-container elementor-column-gap-default\">\n\t\t\t\t\t<div class=\"elementor-column elementor-col-100 elementor-top-column elementor-element elementor-element-a1c009b\" data-id=\"a1c009b\" data-element_type=\"column\" data-e-type=\"column\">\n\t\t\t<div class=\"elementor-widget-wrap elementor-element-populated\">\n\t\t\t\t\t\t<div class=\"elementor-element elementor-element-6b7b713 elementor-widget elementor-widget-text-editor\" data-id=\"6b7b713\" data-element_type=\"widget\" data-e-type=\"widget\" data-widget_type=\"text-editor.default\">\n\t\t\t\t<div class=\"elementor-widget-container\">\n\t\t\t\t\t\t\t\t\t<h3>\ud83c\udf31 <strong>Emergency authorization<\/strong><\/h3><p>In case of unexpected problems, I help you obtain the emergency authorization so your farm can respond quickly and effectively to the challenges.<\/p>\t\t\t\t\t\t\t\t<\/div>\n\t\t\t\t<\/div>\n\t\t\t\t\t<\/div>\n\t\t<\/div>\n\t\t\t\t\t<\/div>\n\t\t<\/section>\n\t\t\t\t<section class=\"elementor-section elementor-top-section elementor-element elementor-element-a074e37 elementor-section-boxed elementor-section-height-default elementor-section-height-default\" data-id=\"a074e37\" data-element_type=\"section\" data-e-type=\"section\">\n\t\t\t\t\t\t<div class=\"elementor-container elementor-column-gap-default\">\n\t\t\t\t\t<div class=\"elementor-column elementor-col-100 elementor-top-column elementor-element elementor-element-7c188f5\" data-id=\"7c188f5\" data-element_type=\"column\" data-e-type=\"column\">\n\t\t\t<div class=\"elementor-widget-wrap elementor-element-populated\">\n\t\t\t\t\t\t<div class=\"elementor-element elementor-element-3c1bc9c elementor-widget elementor-widget-text-editor\" data-id=\"3c1bc9c\" data-element_type=\"widget\" data-e-type=\"widget\" data-widget_type=\"text-editor.default\">\n\t\t\t\t<div class=\"elementor-widget-container\">\n\t\t\t\t\t\t\t\t\t<h3><span style=\"text-decoration: underline;\">\ud83d\udc1e <strong>Preparation for the annual organic certification inspection<\/strong><\/span><\/h3><p>Let's prepare your farm together for the organic certification inspection! From administration to field walkthroughs, I take care of everything to ensure a smooth and trouble-free audit.<\/p>\t\t\t\t\t\t\t\t<\/div>\n\t\t\t\t<\/div>\n\t\t\t\t\t<\/div>\n\t\t<\/div>\n\t\t\t\t\t<\/div>\n\t\t<\/section>\n\t\t\t\t<section class=\"elementor-section elementor-top-section elementor-element elementor-element-2b9a062 elementor-section-boxed elementor-section-height-default elementor-section-height-default\" data-id=\"2b9a062\" data-element_type=\"section\" data-e-type=\"section\">\n\t\t\t\t\t\t<div class=\"elementor-container elementor-column-gap-default\">\n\t\t\t\t\t<div class=\"elementor-column elementor-col-100 elementor-top-column elementor-element elementor-element-e8afe78\" data-id=\"e8afe78\" data-element_type=\"column\" data-e-type=\"column\">\n\t\t\t<div class=\"elementor-widget-wrap elementor-element-populated\">\n\t\t\t\t\t\t<div class=\"elementor-element elementor-element-49cf5b1 elementor-widget elementor-widget-text-editor\" data-id=\"49cf5b1\" data-element_type=\"widget\" data-e-type=\"widget\" data-widget_type=\"text-editor.default\">\n\t\t\t\t<div class=\"elementor-widget-container\">\n\t\t\t\t\t\t\t\t\t<h3><span style=\"text-decoration: underline;\">\u260e <strong>Constant phone availability<\/strong><\/span><\/h3><p>You don\u2019t have to wait days for an answer. In urgent situations or when a decision is needed, I provide immediate professional support over the phone.<\/p>\t\t\t\t\t\t\t\t<\/div>\n\t\t\t\t<\/div>\n\t\t\t\t\t<\/div>\n\t\t<\/div>\n\t\t\t\t\t<\/div>\n\t\t<\/section>\n\t\t\t\t<\/div>","protected":false},"excerpt":{"rendered":"<p>\ud83d\udcde Hogyan m\u0171k\u00f6dik?\u00a0 K\u00e9rj visszah\u00edv\u00e1st, k\u00fcldd el nekem telefonsz\u00e1modat \u00e9s m\u00e1ris szak\u00e9rt\u0151i seg\u00edts\u00e9ghez juthatsz! Legyen sz\u00f3 szaktan\u00e1csad\u00e1sr\u00f3l vagy r\u00e9szletes probl\u00e9mamegold\u00e1sr\u00f3l, rugalmasan alkalmazkodom az ig\u00e9nyeidhez. K\u00e9rj visszah\u00edv\u00e1st! \ud83d\udcd8 Gazd\u00e1lkod\u00e1si napl\u00f3 Seg\u00edtek az \u00f6sszes sz\u00fcks\u00e9ges adat pontos \u00e9s naprak\u00e9sz r\u00f6gz\u00edt\u00e9s\u00e9ben, hogy megfelelj a jogszab\u00e1lyi el\u0151\u00edr\u00e1soknak \u00e9s az ellen\u0151rz\u00e9sek k\u00f6vetelm\u00e9nyeinek. \ud83d\udeb6\ud83c\udffb\u200d\u2642\ufe0f Ter\u00fcletbej\u00e1r\u00e1s \u00e9s jelent\u00e9s \u00edr\u00e1s A gazdas\u00e1god ter\u00fclet\u00e9nek&#8230;<\/p>\n<p><a class=\"read-more\" href=\"https:\/\/koczoradam.hu\/en\/szaktanacsadas\/\">Read More<\/a><\/p>","protected":false},"author":1,"featured_media":0,"parent":0,"menu_order":0,"comment_status":"closed","ping_status":"closed","template":"","meta":{"footnotes":""},"class_list":["post-1367","page","type-page","status-publish","hentry"],"aioseo_notices":[],"_links":{"self":[{"href":"https:\/\/koczoradam.hu\/en\/wp-json\/wp\/v2\/pages\/1367","targetHints":{"allow":["GET"]}}],"collection":[{"href":"https:\/\/koczoradam.hu\/en\/wp-json\/wp\/v2\/pages"}],"about":[{"href":"https:\/\/koczoradam.hu\/en\/wp-json\/wp\/v2\/types\/page"}],"author":[{"embeddable":true,"href":"https:\/\/koczoradam.hu\/en\/wp-json\/wp\/v2\/users\/1"}],"replies":[{"embeddable":true,"href":"https:\/\/koczoradam.hu\/en\/wp-json\/wp\/v2\/comments?post=1367"}],"version-history":[{"count":10,"href":"https:\/\/koczoradam.hu\/en\/wp-json\/wp\/v2\/pages\/1367\/revisions"}],"predecessor-version":[{"id":1475,"href":"https:\/\/koczoradam.hu\/en\/wp-json\/wp\/v2\/pages\/1367\/revisions\/1475"}],"wp:attachment":[{"href":"https:\/\/koczoradam.hu\/en\/wp-json\/wp\/v2\/media?parent=1367"}],"curies":[{"name":"wp","href":"https:\/\/api.w.org\/{rel}","templated":true}]}}